{"id":111,"date":"2022-03-09T20:34:36","date_gmt":"2022-03-09T20:34:36","guid":{"rendered":"https:\/\/suayed.facmed.unam.mx\/?page_id=111"},"modified":"2025-04-08T16:29:50","modified_gmt":"2025-04-08T16:29:50","slug":"intensivos","status":"publish","type":"page","link":"https:\/\/suayed.facmed.unam.mx\/index.php\/aprendeenlinea\/intensivos\/","title":{"rendered":"Periodos intensivos"},"content":{"rendered":"<p>[et_pb_section fb_built=\u00bb1&#8243; fullwidth=\u00bbon\u00bb _builder_version=\u00bb4.16&#8243; _module_preset=\u00bbdefault\u00bb background_enable_image=\u00bboff\u00bb global_colors_info=\u00bb{}\u00bb][et_pb_fullwidth_image src=\u00bbhttps:\/\/suayed.facmed.unam.mx\/wp-content\/uploads\/2022\/04\/intensivo2022_minisitio01.jpg\u00bb title_text=\u00bbintensivo2022_minisitio01&#8243; _builder_version=\u00bb4.16&#8243; _module_preset=\u00bbdefault\u00bb global_colors_info=\u00bb{}\u00bb][\/et_pb_fullwidth_image][\/et_pb_section][et_pb_section fb_built=\u00bb1&#8243; _builder_version=\u00bb4.16&#8243; background_color=\u00bb#5ea9c6&#8243; global_colors_info=\u00bb{}\u00bb][et_pb_row _builder_version=\u00bb4.16&#8243; global_colors_info=\u00bb{}\u00bb][et_pb_column type=\u00bb4_4&#8243; _builder_version=\u00bb4.16&#8243; custom_padding=\u00bb|||\u00bb global_colors_info=\u00bb{}\u00bb custom_padding__hover=\u00bb|||\u00bb][et_pb_text _builder_version=\u00bb4.16&#8243; text_text_color=\u00bb#FFFFFF\u00bb text_font_size=\u00bb16px\u00bb header_3_font=\u00bb|600|||||||\u00bb header_3_text_color=\u00bb#FFFFFF\u00bb header_4_font=\u00bb|600|||||||\u00bb header_4_text_color=\u00bb#FFFFFF\u00bb header_4_line_height=\u00bb1.3em\u00bb global_colors_info=\u00bb{}\u00bb]<\/p>\n<h3 style=\"text-align: center;\">Asignaturas Optativas (MOLIMOD)<\/h3>\n<h3 style=\"text-align: center;\">Periodos intensivos<\/h3>\n<p>Si eres estudiante de primero a cuarto a\u00f1o de la licenciatura de M\u00e9dico Cirujano, aprovecha los periodos intensivos y cursa tus asignaturas optativas.<\/p>\n<h3>\u00bfQu\u00e9 son los periodos intensivos?<\/h3>\n<p>Son periodos de dos semanas de trabajo intenso, en los que puedes cursar tus asignaturas optativas. Tienes que dedicar entre tres y cuatro horas diarias para estudiar los contenidos y realizar las actividades de aprendizaje programadas y, de esta manera, cubrir las 34 horas de la asignatura.<\/p>\n<p>Actualmente se cuenta con dos opciones para cursar las optativas, las asignaturas MOLIMOD y las que se cursan de manera sincr\u00f3nica a distancia.<\/p>\n<p>[\/et_pb_text][et_pb_image src=\u00bbhttps:\/\/suayed.facmed.unam.mx\/wp-content\/uploads\/2022\/03\/separa01.png\u00bb title_text=\u00bbsepara01&#8243; align=\u00bbcenter\u00bb _builder_version=\u00bb4.16&#8243; _module_preset=\u00bbdefault\u00bb global_colors_info=\u00bb{}\u00bb][\/et_pb_image][\/et_pb_column][\/et_pb_row][et_pb_row column_structure=\u00bb1_2,1_2&#8243; _builder_version=\u00bb4.16&#8243; global_colors_info=\u00bb{}\u00bb][et_pb_column type=\u00bb1_2&#8243; _builder_version=\u00bb4.16&#8243; custom_padding=\u00bb|||\u00bb global_colors_info=\u00bb{}\u00bb custom_padding__hover=\u00bb|||\u00bb][et_pb_text _builder_version=\u00bb4.16&#8243; text_text_color=\u00bb#FFFFFF\u00bb text_font_size=\u00bb16px\u00bb link_text_color=\u00bb#EDF000&#8243; header_line_height=\u00bb1.3em\u00bb header_3_font=\u00bb|600|||||||\u00bb header_3_text_color=\u00bb#FFFFFF\u00bb header_3_line_height=\u00bb1.3em\u00bb header_4_font=\u00bb|600|||||||\u00bb header_4_text_color=\u00bb#FFFFFF\u00bb header_4_line_height=\u00bb1.3em\u00bb global_colors_info=\u00bb{}\u00bb]<\/p>\n<h3>\u00bfCu\u00e1l es la forma de trabajo de las asignaturas optativas MOLIMOD?<\/h3>\n<p>El trabajo se lleva a cabo a trav\u00e9s de un aula virtual con grupos reducidos. Se te proporcionar\u00e1 un nombre de usuario y una contrase\u00f1a para que puedas ingresar a la plataforma Moodle.<\/p>\n<p>A partir de la fecha de inicio, debes ingresar al aula virtual para comenzar a revisar los materiales y entregar las actividades de aprendizaje de acuerdo con el cronograma establecido para cada asignatura.<\/p>\n<p>Diariamente el personal acad\u00e9mico estar\u00e1 pendiente de tus dudas respecto al contenido; de la misma manera, el \u00e1rea t\u00e9cnica atender\u00e1 los problemas que se presenten con el aula virtual.<\/p>\n<p>Si necesitas apoyo t\u00e9cnico referente a una asignatura MOLIMOD puedes escribirnos a: <a href=\"mailto:suayedfm@unam.mx?Subject=Apoyo%20t\u00e9cnico%20MOLIMOD%20\">suayedfm@unam.mx<\/a>[\/et_pb_text][\/et_pb_column][et_pb_column type=\u00bb1_2&#8243; _builder_version=\u00bb4.16&#8243; custom_padding=\u00bb|||\u00bb global_colors_info=\u00bb{}\u00bb custom_padding__hover=\u00bb|||\u00bb][et_pb_text _builder_version=\u00bb4.23.1&#8243; text_text_color=\u00bb#FFFFFF\u00bb text_font_size=\u00bb16px\u00bb link_text_color=\u00bb#EDF000&#8243; header_3_font=\u00bb|600|||||||\u00bb header_3_text_color=\u00bb#FFFFFF\u00bb header_3_line_height=\u00bb1.3em\u00bb header_4_font=\u00bb|600|||||||\u00bb header_4_text_color=\u00bb#FFFFFF\u00bb header_4_line_height=\u00bb1.3em\u00bb hover_enabled=\u00bb0&#8243; global_colors_info=\u00bb{}\u00bb sticky_enabled=\u00bb0&#8243;]<\/p>\n<h3>\u00bfCu\u00e1l es la forma de trabajo de las asignaturas optativas s\u00edncronas a distancia?<\/h3>\n<p>Las optativas que antes de la pandemia se cursaban presencialmente, hoy se imparten a trav\u00e9s de medios digitales de forma sincr\u00f3nica. Esto quiere decir que tienen horarios establecidos en los que ser\u00e1 necesario ingresar a una videoconferencia para tomar la clase, por lo que, en la fecha de inicio el personal acad\u00e9mico se pondr\u00e1 en contacto contigo para darte las indicaciones necesarias.<\/p>\n<p>Si necesitas m\u00e1s informaci\u00f3n referente a una asignatura optativa sincr\u00f3nica puedes escribir al correo: <a href=\"mailto: lhernandezmd@facmed.unam.mx?Subject=Informaci\u00f3n%20sobre%20S\u00edncronas%20\">lhernandezmd@facmed.unam.mx<\/a>[\/et_pb_text][\/et_pb_column][\/et_pb_row][et_pb_row _builder_version=\u00bb4.16&#8243; global_colors_info=\u00bb{}\u00bb][et_pb_column type=\u00bb4_4&#8243; _builder_version=\u00bb4.16&#8243; custom_padding=\u00bb|||\u00bb global_colors_info=\u00bb{}\u00bb custom_padding__hover=\u00bb|||\u00bb][et_pb_text _builder_version=\u00bb4.16&#8243; text_text_color=\u00bb#FFFFFF\u00bb text_font_size=\u00bb16px\u00bb header_3_font=\u00bb|600|||||||\u00bb header_3_text_color=\u00bb#FFFFFF\u00bb header_4_font=\u00bb|600|||||||\u00bb header_4_text_color=\u00bb#FFFFFF\u00bb header_4_line_height=\u00bb1.3em\u00bb global_colors_info=\u00bb{}\u00bb]<\/p>\n<h3>\u00bfQu\u00e9 beneficios tiene?<\/h3>\n<p>Puedes acceder a contenidos que complementan tu formaci\u00f3n y aprovechas este periodo para cubrir tus cr\u00e9ditos.[\/et_pb_text][\/et_pb_column][\/et_pb_row][et_pb_row _builder_version=\u00bb4.16&#8243; global_colors_info=\u00bb{}\u00bb][et_pb_column type=\u00bb4_4&#8243; _builder_version=\u00bb4.16&#8243; custom_padding=\u00bb|||\u00bb global_colors_info=\u00bb{}\u00bb custom_padding__hover=\u00bb|||\u00bb][et_pb_text _builder_version=\u00bb4.16&#8243; text_text_color=\u00bb#FFFFFF\u00bb text_font_size=\u00bb16px\u00bb header_3_font=\u00bb|600|||||||\u00bb header_3_text_color=\u00bb#FFFFFF\u00bb header_4_font=\u00bb|600|||||||\u00bb header_4_text_color=\u00bb#FFFFFF\u00bb header_4_line_height=\u00bb1.3em\u00bb global_colors_info=\u00bb{}\u00bb]<\/p>\n<h3 style=\"text-align: center;\">Pr\u00f3ximos periodos intensivos<\/h3>\n<p>[\/et_pb_text][\/et_pb_column][\/et_pb_row][et_pb_row column_structure=\u00bb1_3,1_3,1_3&#8243; _builder_version=\u00bb4.16&#8243; _module_preset=\u00bbdefault\u00bb background_color=\u00bb#ff962e\u00bb border_radii=\u00bbon|12px|12px|12px|12px\u00bb border_color_all=\u00bb#f94343&#8243; global_colors_info=\u00bb{}\u00bb][et_pb_column type=\u00bb1_3&#8243; _builder_version=\u00bb4.16&#8243; _module_preset=\u00bbdefault\u00bb global_colors_info=\u00bb{}\u00bb][et_pb_text _builder_version=\u00bb4.16&#8243; _module_preset=\u00bbdefault\u00bb header_3_text_color=\u00bb#FFFFFF\u00bb global_colors_info=\u00bb{}\u00bb]<\/p>\n<h3 style=\"text-align: center;\">Inscripci\u00f3n<\/h3>\n<p>[\/et_pb_text][et_pb_text _builder_version=\u00bb4.23.1&#8243; _module_preset=\u00bbdefault\u00bb text_font=\u00bb|600|||||||\u00bb text_font_size=\u00bb16px\u00bb background_layout=\u00bbdark\u00bb global_colors_info=\u00bb{}\u00bb]<\/p>\n<p style=\"text-align: center;\">8 y 9 de abril<\/p>\n<p>[\/et_pb_text][et_pb_text _builder_version=\u00bb4.23.1&#8243; _module_preset=\u00bbdefault\u00bb text_font=\u00bb|600|||||||\u00bb text_font_size=\u00bb16px\u00bb background_layout=\u00bbdark\u00bb global_colors_info=\u00bb{}\u00bb]<\/p>\n<p style=\"text-align: center;\">6 y 7 de mayo<\/p>\n<p>[\/et_pb_text][et_pb_text _builder_version=\u00bb4.23.1&#8243; _module_preset=\u00bbdefault\u00bb text_font=\u00bb|600|||||||\u00bb text_font_size=\u00bb16px\u00bb background_layout=\u00bbdark\u00bb global_colors_info=\u00bb{}\u00bb]<\/p>\n<p style=\"text-align: center;\">26, 27 y 28 de mayo<\/p>\n<p>[\/et_pb_text][\/et_pb_column][et_pb_column type=\u00bb1_3&#8243; _builder_version=\u00bb4.16&#8243; _module_preset=\u00bbdefault\u00bb global_colors_info=\u00bb{}\u00bb][et_pb_text _builder_version=\u00bb4.16&#8243; _module_preset=\u00bbdefault\u00bb header_text_color=\u00bb#FFFFFF\u00bb header_3_text_color=\u00bb#FFFFFF\u00bb global_colors_info=\u00bb{}\u00bb]<\/p>\n<h3 style=\"text-align: center;\">Inicio del periodo<\/h3>\n<p>[\/et_pb_text][et_pb_text _builder_version=\u00bb4.23.1&#8243; _module_preset=\u00bbdefault\u00bb text_font=\u00bb|600|||||||\u00bb text_font_size=\u00bb16px\u00bb background_layout=\u00bbdark\u00bb global_colors_info=\u00bb{}\u00bb]<\/p>\n<p style=\"text-align: center;\">21 de abril<\/p>\n<p>[\/et_pb_text][et_pb_text _builder_version=\u00bb4.23.1&#8243; _module_preset=\u00bbdefault\u00bb text_font=\u00bb|600|||||||\u00bb text_font_size=\u00bb16px\u00bb background_layout=\u00bbdark\u00bb global_colors_info=\u00bb{}\u00bb]<\/p>\n<p style=\"text-align: center;\">12 de mayo<\/p>\n<p>[\/et_pb_text][et_pb_text _builder_version=\u00bb4.23.1&#8243; _module_preset=\u00bbdefault\u00bb text_font=\u00bb|600|||||||\u00bb text_font_size=\u00bb16px\u00bb background_layout=\u00bbdark\u00bb global_colors_info=\u00bb{}\u00bb]<\/p>\n<p style=\"text-align: center;\">2 de junio<\/p>\n<p>[\/et_pb_text][\/et_pb_column][et_pb_column type=\u00bb1_3&#8243; _builder_version=\u00bb4.16&#8243; _module_preset=\u00bbdefault\u00bb global_colors_info=\u00bb{}\u00bb][et_pb_text _builder_version=\u00bb4.16&#8243; _module_preset=\u00bbdefault\u00bb header_3_text_color=\u00bb#FFFFFF\u00bb global_colors_info=\u00bb{}\u00bb]<\/p>\n<h3 style=\"text-align: center;\">Fin del periodo<\/h3>\n<p>[\/et_pb_text][et_pb_text _builder_version=\u00bb4.23.1&#8243; _module_preset=\u00bbdefault\u00bb text_font=\u00bb|600|||||||\u00bb text_font_size=\u00bb16px\u00bb background_layout=\u00bbdark\u00bb global_colors_info=\u00bb{}\u00bb]<\/p>\n<p style=\"text-align: center;\">2 de mayo<\/p>\n<p>[\/et_pb_text][et_pb_text _builder_version=\u00bb4.23.1&#8243; _module_preset=\u00bbdefault\u00bb text_font=\u00bb|600|||||||\u00bb text_font_size=\u00bb16px\u00bb background_layout=\u00bbdark\u00bb global_colors_info=\u00bb{}\u00bb]<\/p>\n<p style=\"text-align: center;\">23 de mayo<\/p>\n<p>[\/et_pb_text][et_pb_text _builder_version=\u00bb4.23.1&#8243; _module_preset=\u00bbdefault\u00bb text_font=\u00bb|600|||||||\u00bb text_font_size=\u00bb16px\u00bb background_layout=\u00bbdark\u00bb global_colors_info=\u00bb{}\u00bb]<\/p>\n<p style=\"text-align: center;\">13 de junio<\/p>\n<p>[\/et_pb_text][\/et_pb_column][\/et_pb_row][et_pb_row _builder_version=\u00bb4.16&#8243; global_colors_info=\u00bb{}\u00bb][et_pb_column type=\u00bb4_4&#8243; _builder_version=\u00bb4.16&#8243; custom_padding=\u00bb|||\u00bb global_colors_info=\u00bb{}\u00bb custom_padding__hover=\u00bb|||\u00bb][et_pb_text _builder_version=\u00bb4.18.0&#8243; text_text_color=\u00bb#FFFFFF\u00bb text_font_size=\u00bb16px\u00bb header_3_font=\u00bb|600|||||||\u00bb header_3_text_color=\u00bb#FFFFFF\u00bb header_4_font=\u00bb|600|||||||\u00bb header_4_text_color=\u00bb#FFFFFF\u00bb header_4_line_height=\u00bb1.3em\u00bb global_colors_info=\u00bb{}\u00bb]<\/p>\n<h3>\u00a1Toma nota de esto!<\/h3>\n<p>Debes cubrir los <strong><span style=\"color: #edf068;\">8 cr\u00e9ditos<\/span><\/strong> de optativas para tener derecho a inscribirte al Internado M\u00e9dico. Esto quiere decir, antes de cursar el d\u00e9cimo semestre.<\/p>\n<p>[\/et_pb_text][\/et_pb_column][\/et_pb_row][\/et_pb_section]<\/p>\n","protected":false},"excerpt":{"rendered":"<p>Asignaturas Optativas (MOLIMOD) Periodos intensivos Si eres estudiante de primero a cuarto a\u00f1o de la licenciatura de M\u00e9dico Cirujano, aprovecha los periodos intensivos y cursa tus asignaturas optativas. \u00bfQu\u00e9 son los periodos intensivos? Son periodos de dos semanas de trabajo intenso, en los que puedes cursar tus asignaturas optativas. Tienes que dedicar entre tres y [&hellip;]<\/p>\n","protected":false},"author":2,"featured_media":0,"parent":50,"menu_order":0,"comment_status":"closed","ping_status":"closed","template":"","meta":{"_et_pb_use_builder":"on","_et_pb_old_content":"","_et_gb_content_width":"","footnotes":""},"class_list":["post-111","page","type-page","status-publish","hentry"],"jetpack_sharing_enabled":true,"_links":{"self":[{"href":"https:\/\/suayed.facmed.unam.mx\/index.php\/wp-json\/wp\/v2\/pages\/111","targetHints":{"allow":["GET"]}}],"collection":[{"href":"https:\/\/suayed.facmed.unam.mx\/index.php\/wp-json\/wp\/v2\/pages"}],"about":[{"href":"https:\/\/suayed.facmed.unam.mx\/index.php\/wp-json\/wp\/v2\/types\/page"}],"author":[{"embeddable":true,"href":"https:\/\/suayed.facmed.unam.mx\/index.php\/wp-json\/wp\/v2\/users\/2"}],"replies":[{"embeddable":true,"href":"https:\/\/suayed.facmed.unam.mx\/index.php\/wp-json\/wp\/v2\/comments?post=111"}],"version-history":[{"count":20,"href":"https:\/\/suayed.facmed.unam.mx\/index.php\/wp-json\/wp\/v2\/pages\/111\/revisions"}],"predecessor-version":[{"id":995,"href":"https:\/\/suayed.facmed.unam.mx\/index.php\/wp-json\/wp\/v2\/pages\/111\/revisions\/995"}],"up":[{"embeddable":true,"href":"https:\/\/suayed.facmed.unam.mx\/index.php\/wp-json\/wp\/v2\/pages\/50"}],"wp:attachment":[{"href":"https:\/\/suayed.facmed.unam.mx\/index.php\/wp-json\/wp\/v2\/media?parent=111"}],"curies":[{"name":"wp","href":"https:\/\/api.w.org\/{rel}","templated":true}]}}