{"id":21,"date":"2022-02-04T22:10:24","date_gmt":"2022-02-04T22:10:24","guid":{"rendered":"https:\/\/suayed.facmed.unam.mx\/?page_id=21"},"modified":"2025-03-24T18:44:58","modified_gmt":"2025-03-24T18:44:58","slug":"inicio","status":"publish","type":"page","link":"https:\/\/suayed.facmed.unam.mx\/","title":{"rendered":"Inicio"},"content":{"rendered":"<p>[et_pb_section fb_built=\u00bb1&#8243; _builder_version=\u00bb4.16&#8243; custom_margin=\u00bb0px||0px\u00bb custom_padding=\u00bb0px||0px\u00bb global_colors_info=\u00bb{}\u00bb][et_pb_row use_custom_gutter=\u00bbon\u00bb gutter_width=\u00bb1&#8243; make_equal=\u00bbon\u00bb _builder_version=\u00bb4.16&#8243; width=\u00bb100%\u00bb max_width=\u00bb100%\u00bb custom_margin=\u00bb0px||0px\u00bb custom_padding=\u00bb0px||0px\u00bb use_custom_width=\u00bbon\u00bb width_unit=\u00bboff\u00bb custom_width_percent=\u00bb100%\u00bb global_colors_info=\u00bb{}\u00bb][et_pb_column type=\u00bb4_4&#8243; _builder_version=\u00bb4.16&#8243; custom_padding=\u00bb|||\u00bb global_colors_info=\u00bb{}\u00bb custom_padding__hover=\u00bb|||\u00bb][et_pb_slider _builder_version=\u00bb4.16&#8243; global_colors_info=\u00bb{}\u00bb][et_pb_slide _builder_version=\u00bb4.16&#8243; background_video_mp4=\u00bbhttps:\/\/suayed.facmed.unam.mx\/wp-content\/uploads\/2022\/02\/introweb01.mp4&#8243; global_colors_info=\u00bb{}\u00bb sticky_transition=\u00bbon\u00bb][\/et_pb_slide][\/et_pb_slider][\/et_pb_column][\/et_pb_row][\/et_pb_section][et_pb_section fb_built=\u00bb1&#8243; _builder_version=\u00bb4.23.1&#8243; background_color=\u00bb#002b7a\u00bb global_colors_info=\u00bb{}\u00bb][et_pb_row column_structure=\u00bb1_3,1_3,1_3&#8243; _builder_version=\u00bb4.16&#8243; global_colors_info=\u00bb{}\u00bb][et_pb_column type=\u00bb1_3&#8243; _builder_version=\u00bb4.16&#8243; custom_padding=\u00bb|||\u00bb global_colors_info=\u00bb{}\u00bb custom_padding__hover=\u00bb|||\u00bb][et_pb_image src=\u00bbhttps:\/\/suayed.facmed.unam.mx\/wp-content\/uploads\/2022\/02\/premed.jpeg\u00bb url=\u00bbhttps:\/\/suayed.facmed.unam.mx\/index.php\/aprendeenlinea\/premed\/\u00bb url_new_window=\u00bbon\u00bb align_tablet=\u00bbcenter\u00bb align_phone=\u00bbcenter\u00bb align_last_edited=\u00bbon|desktop\u00bb _builder_version=\u00bb4.23.1&#8243; border_radii=\u00bbon|20px|20px|20px|20px\u00bb global_colors_info=\u00bb{}\u00bb][\/et_pb_image][\/et_pb_column][et_pb_column type=\u00bb1_3&#8243; _builder_version=\u00bb4.16&#8243; custom_padding=\u00bb|||\u00bb global_colors_info=\u00bb{}\u00bb custom_padding__hover=\u00bb|||\u00bb][et_pb_image src=\u00bbhttps:\/\/suayed.facmed.unam.mx\/wp-content\/uploads\/2022\/02\/pontelin.jpeg\u00bb url=\u00bbhttps:\/\/suayed.facmed.unam.mx\/index.php\/aprendeenlinea\/ponteenlinea\/\u00bb align_tablet=\u00bbcenter\u00bb align_phone=\u00bbcenter\u00bb align_last_edited=\u00bbon|desktop\u00bb _builder_version=\u00bb4.23.1&#8243; border_radii=\u00bbon|20px|20px|20px|20px\u00bb global_colors_info=\u00bb{}\u00bb][\/et_pb_image][\/et_pb_column][et_pb_column type=\u00bb1_3&#8243; _builder_version=\u00bb4.16&#8243; custom_padding=\u00bb|||\u00bb global_colors_info=\u00bb{}\u00bb custom_padding__hover=\u00bb|||\u00bb][et_pb_image src=\u00bbhttps:\/\/suayed.facmed.unam.mx\/wp-content\/uploads\/2024\/08\/molimod_botinicio_botoninicio.jpg\u00bb title_text=\u00bbmolimod_botinicio_botoninicio\u00bb url=\u00bbhttps:\/\/suayed.facmed.unam.mx\/index.php\/aprende-en-linea\/molimod\/\u00bb align_tablet=\u00bbcenter\u00bb align_phone=\u00bbcenter\u00bb align_last_edited=\u00bbon|desktop\u00bb _builder_version=\u00bb4.23.1&#8243; border_radii=\u00bbon|20px|20px|20px|20px\u00bb global_colors_info=\u00bb{}\u00bb][\/et_pb_image][\/et_pb_column][\/et_pb_row][et_pb_row column_structure=\u00bb1_3,1_3,1_3&#8243; _builder_version=\u00bb4.16&#8243; global_colors_info=\u00bb{}\u00bb][et_pb_column type=\u00bb1_3&#8243; _builder_version=\u00bb4.16&#8243; custom_padding=\u00bb|||\u00bb global_colors_info=\u00bb{}\u00bb custom_padding__hover=\u00bb|||\u00bb][et_pb_image src=\u00bbhttps:\/\/suayed.facmed.unam.mx\/wp-content\/uploads\/2022\/03\/intenas_segundasecc_botoninicio.jpg\u00bb title_text=\u00bbintenas_segundasecc_botoninicio\u00bb url=\u00bbhttps:\/\/suayed.facmed.unam.mx\/index.php\/aprendeenlinea\/intensivos\/\u00bb align_tablet=\u00bbcenter\u00bb align_phone=\u00bbcenter\u00bb align_last_edited=\u00bbon|desktop\u00bb _builder_version=\u00bb4.23.1&#8243; border_radii=\u00bbon|20px|20px|20px|20px\u00bb global_colors_info=\u00bb{}\u00bb][\/et_pb_image][\/et_pb_column][et_pb_column type=\u00bb1_3&#8243; _builder_version=\u00bb4.16&#8243; custom_padding=\u00bb|||\u00bb global_colors_info=\u00bb{}\u00bb custom_padding__hover=\u00bb|||\u00bb][et_pb_image src=\u00bbhttps:\/\/suayed.facmed.unam.mx\/wp-content\/uploads\/2024\/08\/botfundamentales_botoninicio.jpg\u00bb title_text=\u00bbbotfundamentales_botoninicio\u00bb url=\u00bbhttps:\/\/suayed.facmed.unam.mx\/index.php\/fundamentaless\/\u00bb align_tablet=\u00bbcenter\u00bb align_phone=\u00bbcenter\u00bb align_last_edited=\u00bbon|desktop\u00bb _builder_version=\u00bb4.23.1&#8243; border_radii=\u00bbon|20px|20px|20px|20px\u00bb global_colors_info=\u00bb{}\u00bb][\/et_pb_image][\/et_pb_column][et_pb_column type=\u00bb1_3&#8243; _builder_version=\u00bb4.16&#8243; custom_padding=\u00bb|||\u00bb global_colors_info=\u00bb{}\u00bb custom_padding__hover=\u00bb|||\u00bb][et_pb_image src=\u00bbhttps:\/\/suayed.facmed.unam.mx\/wp-content\/uploads\/2025\/03\/ltm_facmed_menuweb.jpg\u00bb title_text=\u00bbltm_facmed_menuweb\u00bb url=\u00bbhttps:\/\/suayed.facmed.unam.mx\/index.php\/logratumeta\/\u00bb align_tablet=\u00bbcenter\u00bb align_phone=\u00bbcenter\u00bb align_last_edited=\u00bbon|desktop\u00bb _builder_version=\u00bb4.23.1&#8243; border_radii=\u00bbon|20px|20px|20px|20px\u00bb global_colors_info=\u00bb{}\u00bb][\/et_pb_image][\/et_pb_column][\/et_pb_row][et_pb_row column_structure=\u00bb1_3,1_3,1_3&#8243; _builder_version=\u00bb4.16&#8243; global_colors_info=\u00bb{}\u00bb][et_pb_column type=\u00bb1_3&#8243; _builder_version=\u00bb4.16&#8243; custom_padding=\u00bb|||\u00bb global_colors_info=\u00bb{}\u00bb custom_padding__hover=\u00bb|||\u00bb][\/et_pb_column][et_pb_column type=\u00bb1_3&#8243; _builder_version=\u00bb4.16&#8243; custom_padding=\u00bb|||\u00bb global_colors_info=\u00bb{}\u00bb custom_padding__hover=\u00bb|||\u00bb][et_pb_image src=\u00bbhttps:\/\/suayed.facmed.unam.mx\/wp-content\/uploads\/2025\/03\/ltm_incorp_menuweb.jpg\u00bb title_text=\u00bbltm_incorp_menuweb\u00bb url=\u00bbhttps:\/\/suayed.facmed.unam.mx\/index.php\/logratumeta-incorporadas\/\u00bb align_tablet=\u00bbcenter\u00bb align_phone=\u00bbcenter\u00bb align_last_edited=\u00bbon|desktop\u00bb _builder_version=\u00bb4.23.1&#8243; hover_enabled=\u00bb0&#8243; border_radii=\u00bbon|20px|20px|20px|20px\u00bb global_colors_info=\u00bb{}\u00bb sticky_enabled=\u00bb0&#8243;][\/et_pb_image][\/et_pb_column][et_pb_column type=\u00bb1_3&#8243; _builder_version=\u00bb4.16&#8243; custom_padding=\u00bb|||\u00bb global_colors_info=\u00bb{}\u00bb custom_padding__hover=\u00bb|||\u00bb][\/et_pb_column][\/et_pb_row][\/et_pb_section][et_pb_section fb_built=\u00bb1&#8243; _builder_version=\u00bb4.16&#8243; background_color=\u00bb#424242&#8243; background_image=\u00bbhttps:\/\/suayed.facmed.unam.mx\/wp-content\/uploads\/2022\/02\/fondoweb01.jpg\u00bb global_colors_info=\u00bb{}\u00bb][et_pb_row _builder_version=\u00bb4.16&#8243; global_colors_info=\u00bb{}\u00bb][et_pb_column type=\u00bb4_4&#8243; _builder_version=\u00bb4.16&#8243; custom_padding=\u00bb|||\u00bb global_colors_info=\u00bb{}\u00bb custom_padding__hover=\u00bb|||\u00bb][et_pb_text _builder_version=\u00bb4.16&#8243; text_font=\u00bb||||||||\u00bb text_text_color=\u00bb#ffffff\u00bb header_font=\u00bb||||||||\u00bb header_text_color=\u00bb#ffffff\u00bb header_2_font=\u00bb||||||||\u00bb header_2_text_color=\u00bb#ffffff\u00bb global_colors_info=\u00bb{}\u00bb]<\/p>\n<h1 class=\"et_pb_module_header\">Misi\u00f3n y Visi\u00f3n de la Facultad de Medicina<\/h1>\n<div class=\"et_pb_header_content_wrapper\">\n<p>&nbsp;<\/p>\n<h3><span style=\"color: #ffffff;\">Misi\u00f3n<\/span><\/h3>\n<p>La Facultad de Medicina de la Universidad Nacional Aut\u00f3noma de M\u00e9xico es una instituci\u00f3n p\u00fablica que forma profesionales altamente calificados, \u00e9ticos, cr\u00edticos y humanistas, capaces de investigar y difundir el conocimiento para la soluci\u00f3n de problemas de salud y otras \u00e1reas cient\u00edficas en beneficio del ser humano y de la naci\u00f3n.<\/p>\n<p>&nbsp;<\/p>\n<h3><span style=\"color: #ffffff;\">Visi\u00f3n<\/span><\/h3>\n<p>Estar a la vanguardia para ejercer el liderazgo en educaci\u00f3n, investigaci\u00f3n y difusi\u00f3n en salud y otras \u00e1reas cient\u00edficas en beneficio del ser humano y de la naci\u00f3n.<\/p>\n<\/div>\n<p>[\/et_pb_text][\/et_pb_column][\/et_pb_row][\/et_pb_section]<\/p>\n","protected":false},"excerpt":{"rendered":"<p>Misi\u00f3n y Visi\u00f3n de la Facultad de Medicina &nbsp; Misi\u00f3n La Facultad de Medicina de la Universidad Nacional Aut\u00f3noma de M\u00e9xico es una instituci\u00f3n p\u00fablica que forma profesionales altamente calificados, \u00e9ticos, cr\u00edticos y humanistas, capaces de investigar y difundir el conocimiento para la soluci\u00f3n de problemas de salud y otras \u00e1reas cient\u00edficas en beneficio del [&hellip;]<\/p>\n","protected":false},"author":1,"featured_media":0,"parent":0,"menu_order":0,"comment_status":"closed","ping_status":"closed","template":"","meta":{"_et_pb_use_builder":"on","_et_pb_old_content":"","_et_gb_content_width":"","footnotes":""},"class_list":["post-21","page","type-page","status-publish","hentry"],"jetpack_sharing_enabled":true,"_links":{"self":[{"href":"https:\/\/suayed.facmed.unam.mx\/index.php\/wp-json\/wp\/v2\/pages\/21","targetHints":{"allow":["GET"]}}],"collection":[{"href":"https:\/\/suayed.facmed.unam.mx\/index.php\/wp-json\/wp\/v2\/pages"}],"about":[{"href":"https:\/\/suayed.facmed.unam.mx\/index.php\/wp-json\/wp\/v2\/types\/page"}],"author":[{"embeddable":true,"href":"https:\/\/suayed.facmed.unam.mx\/index.php\/wp-json\/wp\/v2\/users\/1"}],"replies":[{"embeddable":true,"href":"https:\/\/suayed.facmed.unam.mx\/index.php\/wp-json\/wp\/v2\/comments?post=21"}],"version-history":[{"count":25,"href":"https:\/\/suayed.facmed.unam.mx\/index.php\/wp-json\/wp\/v2\/pages\/21\/revisions"}],"predecessor-version":[{"id":992,"href":"https:\/\/suayed.facmed.unam.mx\/index.php\/wp-json\/wp\/v2\/pages\/21\/revisions\/992"}],"wp:attachment":[{"href":"https:\/\/suayed.facmed.unam.mx\/index.php\/wp-json\/wp\/v2\/media?parent=21"}],"curies":[{"name":"wp","href":"https:\/\/api.w.org\/{rel}","templated":true}]}}