{"id":226,"date":"2022-04-04T17:02:53","date_gmt":"2022-04-04T17:02:53","guid":{"rendered":"https:\/\/suayed.facmed.unam.mx\/?page_id=226"},"modified":"2025-08-15T16:14:33","modified_gmt":"2025-08-15T16:14:33","slug":"premed","status":"publish","type":"page","link":"https:\/\/suayed.facmed.unam.mx\/index.php\/aprendeenlinea\/premed\/","title":{"rendered":"Comunidad PREMED"},"content":{"rendered":"<p>[et_pb_section fb_built=\u00bb1&#8243; fullwidth=\u00bbon\u00bb _builder_version=\u00bb4.16&#8243; _module_preset=\u00bbdefault\u00bb global_colors_info=\u00bb{}\u00bb][et_pb_fullwidth_image src=\u00bbhttps:\/\/suayed.facmed.unam.mx\/wp-content\/uploads\/2022\/04\/premed2022_minisitio01.jpg\u00bb title_text=\u00bbpremed2022_minisitio01&#8243; _builder_version=\u00bb4.16&#8243; _module_preset=\u00bbdefault\u00bb global_colors_info=\u00bb{}\u00bb][\/et_pb_fullwidth_image][\/et_pb_section][et_pb_section fb_built=\u00bb1&#8243; _builder_version=\u00bb4.23.1&#8243; background_color=\u00bb#6f299e\u00bb global_colors_info=\u00bb{}\u00bb][et_pb_row _builder_version=\u00bb4.23.1&#8243; _module_preset=\u00bbdefault\u00bb global_colors_info=\u00bb{}\u00bb][et_pb_column type=\u00bb4_4&#8243; _builder_version=\u00bb4.23.1&#8243; _module_preset=\u00bbdefault\u00bb global_colors_info=\u00bb{}\u00bb][et_pb_text _builder_version=\u00bb4.23.1&#8243; _module_preset=\u00bbdefault\u00bb background_layout=\u00bbdark\u00bb global_colors_info=\u00bb{}\u00bb]<\/p>\n<h2 style=\"text-align: center;\"><strong>\u00bfTerminaste el bachillerato?<\/strong><\/h2>\n<h2 style=\"text-align: center;\"><strong>\u00bfDeseas ingresar a una licenciatura del \u00e1rea de la salud?<\/strong><\/h2>\n<p>&nbsp;<\/p>\n<h3 style=\"text-align: center;\">\u00a1\u00danete a nuestra comunidad y revisa tu salud acad\u00e9mica integral!<\/h3>\n<p>[\/et_pb_text][\/et_pb_column][\/et_pb_row][et_pb_row _builder_version=\u00bb4.16&#8243; _module_preset=\u00bbdefault\u00bb global_colors_info=\u00bb{}\u00bb][et_pb_column type=\u00bb4_4&#8243; _builder_version=\u00bb4.16&#8243; _module_preset=\u00bbdefault\u00bb global_colors_info=\u00bb{}\u00bb][et_pb_text _builder_version=\u00bb4.23.1&#8243; text_text_color=\u00bb#FFFFFF\u00bb text_font_size=\u00bb16px\u00bb header_3_font=\u00bb|600|||||||\u00bb header_3_text_color=\u00bb#FFFFFF\u00bb header_3_line_height=\u00bb1.3em\u00bb header_4_text_color=\u00bb#FFFFFF\u00bb global_colors_info=\u00bb{}\u00bb]<\/p>\n<p style=\"text-align: center;\">Ingresa a la plataforma<\/p>\n<p>[\/et_pb_text][et_pb_image src=\u00bbhttps:\/\/suayed.facmed.unam.mx\/wp-content\/uploads\/2022\/02\/premed.jpeg\u00bb url=\u00bbhttps:\/\/premed.facmed.unam.mx\/\u00bb url_new_window=\u00bbon\u00bb align=\u00bbcenter\u00bb align_tablet=\u00bbcenter\u00bb align_phone=\u00bbcenter\u00bb align_last_edited=\u00bbon|desktop\u00bb _builder_version=\u00bb4.23.1&#8243; border_radii=\u00bbon|20px|20px|20px|20px\u00bb global_colors_info=\u00bb{}\u00bb][\/et_pb_image][\/et_pb_column][\/et_pb_row][et_pb_row _builder_version=\u00bb4.16&#8243; global_colors_info=\u00bb{}\u00bb][et_pb_column type=\u00bb4_4&#8243; _builder_version=\u00bb4.16&#8243; custom_padding=\u00bb|||\u00bb global_colors_info=\u00bb{}\u00bb custom_padding__hover=\u00bb|||\u00bb][et_pb_text _builder_version=\u00bb4.16&#8243; text_text_color=\u00bb#FFFFFF\u00bb text_font_size=\u00bb16px\u00bb header_3_font=\u00bb|600|||||||\u00bb header_3_text_color=\u00bb#FFFFFF\u00bb header_3_line_height=\u00bb1.3em\u00bb header_4_text_color=\u00bb#FFFFFF\u00bb global_colors_info=\u00bb{}\u00bb]<\/p>\n<h3>\u00bfQu\u00e9 es Comunidad PREMED?<\/h3>\n<p>Es un sitio electr\u00f3nico que cre\u00f3 la Facultad de Medicina para ayudarte a diagnosticar y revisar los conocimientos del bachillerato que son necesarios para cursar de manera m\u00e1s eficiente las asignaturas al inicio de tu licenciatura.[\/et_pb_text][et_pb_text _builder_version=\u00bb4.16&#8243; text_text_color=\u00bb#FFFFFF\u00bb text_font_size=\u00bb16px\u00bb header_3_font=\u00bb|600|||||||\u00bb header_3_text_color=\u00bb#FFFFFF\u00bb header_3_line_height=\u00bb1.3em\u00bb header_4_text_color=\u00bb#FFFFFF\u00bb global_colors_info=\u00bb{}\u00bb]<\/p>\n<h3>\u00bfMe servir\u00e1 utilizar Comunidad PREMED?<\/h3>\n<p>Comunidad PREMED es una estrategia de apoyo para que tu desempe\u00f1o en las asignaturas sea menos complejo. Se tienen estad\u00edsticas que demuestran un alto \u00edndice de no aprobaci\u00f3n en los primeros ex\u00e1menes, lo cual est\u00e1 relacionado con la debilidad en los conocimientos previos obtenidos en el bachillerato, esto aumenta la dificultad propia de las asignaturas.[\/et_pb_text][et_pb_image src=\u00bbhttps:\/\/suayed.facmed.unam.mx\/wp-content\/uploads\/2024\/08\/cap_premed01.jpg\u00bb title_text=\u00bbcap_premed01&#8243; url=\u00bbhttps:\/\/premed.facmed.unam.mx\/\u00bb url_new_window=\u00bbon\u00bb align=\u00bbcenter\u00bb _builder_version=\u00bb4.23.1&#8243; _module_preset=\u00bbdefault\u00bb global_colors_info=\u00bb{}\u00bb][\/et_pb_image][\/et_pb_column][\/et_pb_row][et_pb_row column_structure=\u00bb1_2,1_2&#8243; _builder_version=\u00bb4.23.1&#8243; _module_preset=\u00bbdefault\u00bb global_colors_info=\u00bb{}\u00bb][et_pb_column type=\u00bb1_2&#8243; _builder_version=\u00bb4.23.1&#8243; _module_preset=\u00bbdefault\u00bb use_background_color_gradient=\u00bbon\u00bb background_color_gradient_type=\u00bbcircular\u00bb background_color_gradient_stops=\u00bb#b93097 0%|#5d174c 100%\u00bb custom_padding=\u00bb30px|30px|30px|30px|true|true\u00bb border_radii=\u00bbon|30px|30px|30px|30px\u00bb global_colors_info=\u00bb{}\u00bb][et_pb_image src=\u00bbhttps:\/\/suayed.facmed.unam.mx\/wp-content\/uploads\/2024\/08\/foco01.png\u00bb title_text=\u00bbfoco01&#8243; align=\u00bbcenter\u00bb _builder_version=\u00bb4.23.1&#8243; _module_preset=\u00bbdefault\u00bb global_colors_info=\u00bb{}\u00bb][\/et_pb_image][et_pb_text _builder_version=\u00bb4.23.1&#8243; _module_preset=\u00bbdefault\u00bb text_font_size=\u00bb18px\u00bb background_layout=\u00bbdark\u00bb global_colors_info=\u00bb{}\u00bb]<\/p>\n<h3><strong>Checa tus intereses y aptitudes<\/strong><\/h3>\n<p>Averigua las \u00e1reas en las que tienes aptitudes desarrolladas y mayor inter\u00e9s profesional.<\/p>\n<p>Conoce algunos espacios universitarios donde recibir orientaci\u00f3n vocacional.<\/p>\n<p>[\/et_pb_text][\/et_pb_column][et_pb_column type=\u00bb1_2&#8243; _builder_version=\u00bb4.23.1&#8243; _module_preset=\u00bbdefault\u00bb use_background_color_gradient=\u00bbon\u00bb background_color_gradient_type=\u00bbcircular\u00bb background_color_gradient_stops=\u00bb#a730b9 0%|#54175d 100%\u00bb custom_padding=\u00bb30px|30px|30px|30px|true|true\u00bb border_radii=\u00bbon|30px|30px|30px|30px\u00bb global_colors_info=\u00bb{}\u00bb][et_pb_image src=\u00bbhttps:\/\/suayed.facmed.unam.mx\/wp-content\/uploads\/2024\/08\/esteto01.png\u00bb title_text=\u00bbesteto01&#8243; align=\u00bbcenter\u00bb _builder_version=\u00bb4.23.1&#8243; _module_preset=\u00bbdefault\u00bb global_colors_info=\u00bb{}\u00bb][\/et_pb_image][et_pb_text _builder_version=\u00bb4.23.1&#8243; _module_preset=\u00bbdefault\u00bb text_font_size=\u00bb18px\u00bb background_layout=\u00bbdark\u00bb global_colors_info=\u00bb{}\u00bb]<\/p>\n<h3><strong>Checa tu salud acad\u00e9mica<\/strong><\/h3>\n<p>Consolida los conocimientos b\u00e1sicos para iniciar la licenciatura de manera exitosa.<\/p>\n<ol>\n<li>Haz un check-up de tus conocimientos.<\/li>\n<li>Revisa tus resultados en el expediente.<\/li>\n<li>Realiza tu tratamiento con cursos de estudio autodirigido.<\/li>\n<\/ol>\n<p>[\/et_pb_text][\/et_pb_column][\/et_pb_row][et_pb_row column_structure=\u00bb1_2,1_2&#8243; _builder_version=\u00bb4.23.1&#8243; _module_preset=\u00bbdefault\u00bb global_colors_info=\u00bb{}\u00bb][et_pb_column type=\u00bb1_2&#8243; _builder_version=\u00bb4.23.1&#8243; _module_preset=\u00bbdefault\u00bb use_background_color_gradient=\u00bbon\u00bb background_color_gradient_type=\u00bbcircular\u00bb background_color_gradient_stops=\u00bb#5d30b9 0%|#2e175d 100%\u00bb custom_padding=\u00bb30px|30px|30px|30px|true|true\u00bb border_radii=\u00bbon|30px|30px|30px|30px\u00bb global_colors_info=\u00bb{}\u00bb][et_pb_image src=\u00bbhttps:\/\/suayed.facmed.unam.mx\/wp-content\/uploads\/2024\/08\/mundo01.png\u00bb title_text=\u00bbmundo01&#8243; align=\u00bbcenter\u00bb _builder_version=\u00bb4.23.1&#8243; _module_preset=\u00bbdefault\u00bb global_colors_info=\u00bb{}\u00bb][\/et_pb_image][et_pb_text _builder_version=\u00bb4.23.1&#8243; _module_preset=\u00bbdefault\u00bb text_font_size=\u00bb18px\u00bb background_layout=\u00bbdark\u00bb global_colors_info=\u00bb{}\u00bb]<\/p>\n<h3><strong>Checa tu salud en ingl\u00e9s<\/strong><\/h3>\n<p>Aver\u00edgualo y sigue desarrollando tu dominio de este idioma.<\/p>\n<p>Recuerda que gran parte de la informaci\u00f3n que se produce en el \u00e1rea de la salud se publica en ingl\u00e9s.<\/p>\n<p>[\/et_pb_text][\/et_pb_column][et_pb_column type=\u00bb1_2&#8243; _builder_version=\u00bb4.23.1&#8243; _module_preset=\u00bbdefault\u00bb use_background_color_gradient=\u00bbon\u00bb background_color_gradient_type=\u00bbcircular\u00bb background_color_gradient_stops=\u00bb#3930b9 0%|#1b175d 100%\u00bb custom_padding=\u00bb30px|30px|30px|30px|true|true\u00bb border_radii=\u00bbon|30px|30px|30px|30px\u00bb global_colors_info=\u00bb{}\u00bb][et_pb_image src=\u00bbhttps:\/\/suayed.facmed.unam.mx\/wp-content\/uploads\/2024\/08\/corazon01.png\u00bb title_text=\u00bbcorazon01&#8243; align=\u00bbcenter\u00bb _builder_version=\u00bb4.23.1&#8243; _module_preset=\u00bbdefault\u00bb global_colors_info=\u00bb{}\u00bb][\/et_pb_image][et_pb_text _builder_version=\u00bb4.23.1&#8243; _module_preset=\u00bbdefault\u00bb text_font_size=\u00bb18px\u00bb background_layout=\u00bbdark\u00bb global_colors_info=\u00bb{}\u00bb]<\/p>\n<h3><strong>RCP emocional<\/strong><\/h3>\n<p>El paso del bachillerato a la carrera puede ser un proceso dif\u00edcil para algunas personas.<\/p>\n<p>\u00a1Prep\u00e1rate para esta transici\u00f3n!<\/p>\n<ol>\n<li>Explora y analiza tus emociones.<\/li>\n<li>Genera estrategias para encontrar un balance emocional.<\/li>\n<li>Conoce algunos espacios que te pueden brindar apoyo.<\/li>\n<\/ol>\n<p>[\/et_pb_text][\/et_pb_column][\/et_pb_row][et_pb_row _builder_version=\u00bb4.16&#8243; global_colors_info=\u00bb{}\u00bb][et_pb_column type=\u00bb4_4&#8243; _builder_version=\u00bb4.16&#8243; custom_padding=\u00bb|||\u00bb global_colors_info=\u00bb{}\u00bb custom_padding__hover=\u00bb|||\u00bb][et_pb_text _builder_version=\u00bb4.16&#8243; text_text_color=\u00bb#FFFFFF\u00bb text_font_size=\u00bb16px\u00bb header_3_font=\u00bb|600|||||||\u00bb header_3_text_color=\u00bb#FFFFFF\u00bb header_3_line_height=\u00bb1.3em\u00bb header_4_text_color=\u00bb#FFFFFF\u00bb global_colors_info=\u00bb{}\u00bb]<\/p>\n<h3>\u00bfQu\u00e9 pasos debo seguir?<\/h3>\n<ol>\n<li><strong>Reg\u00edstrate en el sitio<\/strong>. Llena el formulario de registro cuidando que tus datos est\u00e9n correctos. (Anota tu contrase\u00f1a en alg\u00fan lugar por si se te olvida).<\/li>\n<li><strong>Ingresa<\/strong>, con tu correo electr\u00f3nico y contrase\u00f1a.<\/li>\n<li><strong>Haz tu<\/strong>\u00a0\u201c<strong>check up\u201d<\/strong>,\u00a0contestando los cuestionarios de los temas que te interesen (te recomendamos resolver todos).<\/li>\n<li><strong>Revisa tu\u00a0expediente<\/strong>\u00a0para conocer tu diagn\u00f3stico, tratamiento y pron\u00f3stico.<\/li>\n<li><strong>Ingresa a tu\u00a0tratamiento<\/strong>\u00a0y lleva a cabo los cursos de acuerdo tus resultados.<\/li>\n<li>Al final, <strong>contesta el cuestionario<\/strong> que te permitir\u00e1 autoevaluar los aprendizajes logrados.<\/li>\n<li><strong>Regresa a tu<\/strong>\u00a0<strong>expediente<\/strong>\u00a0y compara el diagn\u00f3stico, tratamiento y pron\u00f3stico inicial con el final. Si tu\u00a0diagn\u00f3stico\u00a0en todos los cursos es saludable, obtendr\u00e1s un certificado que lo avala (solo es informativo, no tiene valor curricular).<\/li>\n<\/ol>\n<p>[\/et_pb_text][\/et_pb_column][\/et_pb_row][et_pb_row column_structure=\u00bb1_2,1_2&#8243; _builder_version=\u00bb4.16&#8243; global_colors_info=\u00bb{}\u00bb][et_pb_column type=\u00bb1_2&#8243; _builder_version=\u00bb4.16&#8243; custom_padding=\u00bb|||\u00bb global_colors_info=\u00bb{}\u00bb custom_padding__hover=\u00bb|||\u00bb][et_pb_text _builder_version=\u00bb4.16&#8243; text_text_color=\u00bb#FFFFFF\u00bb text_font_size=\u00bb16px\u00bb header_3_font=\u00bb|600|||||||\u00bb header_3_text_color=\u00bb#FFFFFF\u00bb header_3_line_height=\u00bb1.3em\u00bb header_4_text_color=\u00bb#FFFFFF\u00bb global_colors_info=\u00bb{}\u00bb]<\/p>\n<h3>\u00bfA qui\u00e9n est\u00e1 dirigido?<\/h3>\n<p>A los alumnos interesados en estudiar alguna de las licenciaturas de la Facultad de Medicina.<\/p>\n<p>[\/et_pb_text][et_pb_text _builder_version=\u00bb4.16&#8243; text_text_color=\u00bb#FFFFFF\u00bb text_font_size=\u00bb16px\u00bb header_line_height=\u00bb1.3em\u00bb header_3_font=\u00bb|600|||||||\u00bb header_3_text_color=\u00bb#FFFFFF\u00bb header_3_line_height=\u00bb1.3em\u00bb header_4_text_color=\u00bb#FFFFFF\u00bb global_colors_info=\u00bb{}\u00bb]<\/p>\n<h3>\u00bfCu\u00e1ntas veces me puedo autoevaluar?<\/h3>\n<p>Tienes la oportunidad de hacerte dos autoevaluaciones, una en el primer \u201ccheck up\u201d y otra despu\u00e9s de haber llevado el curso. Sin embargo, puedes revisar los cursos cuantas veces lo necesites.<\/p>\n<p>[\/et_pb_text][et_pb_text _builder_version=\u00bb4.16&#8243; text_text_color=\u00bb#FFFFFF\u00bb text_font_size=\u00bb16px\u00bb header_line_height=\u00bb1.3em\u00bb header_3_font=\u00bb|600|||||||\u00bb header_3_text_color=\u00bb#FFFFFF\u00bb header_3_line_height=\u00bb1.3em\u00bb header_4_text_color=\u00bb#FFFFFF\u00bb global_colors_info=\u00bb{}\u00bb]<\/p>\n<h3>\u00bfHasta cu\u00e1ndo lo puedo consultar?<\/h3>\n<p>Lo ideal es que utilices este sitio antes de ingresar al primer a\u00f1o de tu licenciatura. Sin embargo, estar\u00e1 abierto permanentemente por si necesitas revisar de nuevo los temas durante la licenciatura.<\/p>\n<p>[\/et_pb_text][\/et_pb_column][et_pb_column type=\u00bb1_2&#8243; _builder_version=\u00bb4.16&#8243; custom_padding=\u00bb|||\u00bb global_colors_info=\u00bb{}\u00bb custom_padding__hover=\u00bb|||\u00bb][et_pb_image src=\u00bbhttps:\/\/suayed.facmed.unam.mx\/wp-content\/uploads\/2022\/04\/imagen01b.jpg\u00bb title_text=\u00bbimagen01b\u00bb align=\u00bbcenter\u00bb _builder_version=\u00bb4.16&#8243; _module_preset=\u00bbdefault\u00bb global_colors_info=\u00bb{}\u00bb][\/et_pb_image][\/et_pb_column][\/et_pb_row][et_pb_row column_structure=\u00bb1_2,1_2&#8243; _builder_version=\u00bb4.16&#8243; global_colors_info=\u00bb{}\u00bb][et_pb_column type=\u00bb1_2&#8243; _builder_version=\u00bb4.16&#8243; custom_padding=\u00bb|||\u00bb global_colors_info=\u00bb{}\u00bb custom_padding__hover=\u00bb|||\u00bb][et_pb_image src=\u00bbhttps:\/\/suayed.facmed.unam.mx\/wp-content\/uploads\/2024\/08\/cap_premed02.jpg\u00bb title_text=\u00bbcap_premed02&#8243; align=\u00bbcenter\u00bb _builder_version=\u00bb4.23.1&#8243; _module_preset=\u00bbdefault\u00bb global_colors_info=\u00bb{}\u00bb][\/et_pb_image][\/et_pb_column][et_pb_column type=\u00bb1_2&#8243; _builder_version=\u00bb4.16&#8243; custom_padding=\u00bb|||\u00bb global_colors_info=\u00bb{}\u00bb custom_padding__hover=\u00bb|||\u00bb][et_pb_text _builder_version=\u00bb4.16&#8243; text_text_color=\u00bb#FFFFFF\u00bb text_font_size=\u00bb16px\u00bb header_3_font=\u00bb|600|||||||\u00bb header_3_text_color=\u00bb#FFFFFF\u00bb header_4_text_color=\u00bb#FFFFFF\u00bb global_colors_info=\u00bb{}\u00bb]<\/p>\n<h3>\u00bfEs obligatorio?<\/h3>\n<p>De ning\u00fan modo. Es tu responsabilidad y compromiso con tu aprendizaje lo que definir\u00e1 su utilizaci\u00f3n.[\/et_pb_text][et_pb_text _builder_version=\u00bb4.16&#8243; text_text_color=\u00bb#FFFFFF\u00bb text_font_size=\u00bb16px\u00bb header_3_font=\u00bb|600|||||||\u00bb header_3_text_color=\u00bb#FFFFFF\u00bb header_3_line_height=\u00bb1.3em\u00bb header_4_text_color=\u00bb#FFFFFF\u00bb global_colors_info=\u00bb{}\u00bb]<\/p>\n<h3>\u00bfY si no quiero registrarme en el sitio?<\/h3>\n<p>Para poder revisar los cursos es indispensable tu registro.<\/p>\n<p>[\/et_pb_text][et_pb_text _builder_version=\u00bb4.16&#8243; text_text_color=\u00bb#FFFFFF\u00bb text_font_size=\u00bb16px\u00bb header_3_font=\u00bb|600|||||||\u00bb header_3_text_color=\u00bb#FFFFFF\u00bb header_3_line_height=\u00bb1.3em\u00bb header_4_text_color=\u00bb#FFFFFF\u00bb global_colors_info=\u00bb{}\u00bb]<\/p>\n<h3>\u00bfSi obtengo el certificado de salud acad\u00e9mica de Comunidad PREMED, me aceptar\u00e1n en la Facultad?<\/h3>\n<p>El certificado s\u00f3lo te permitir\u00e1 demostrarte a ti mismo que cuentas con los conocimientos obtenidos de los cursos que llevaste en Comunidad PREMED. De ninguna forma est\u00e1 relacionado con los criterios para el ingreso, ni tiene valor curricular.<\/p>\n<p>[\/et_pb_text][\/et_pb_column][\/et_pb_row][et_pb_row column_structure=\u00bb1_2,1_2&#8243; _builder_version=\u00bb4.16&#8243; global_colors_info=\u00bb{}\u00bb][et_pb_column type=\u00bb1_2&#8243; _builder_version=\u00bb4.16&#8243; custom_padding=\u00bb|||\u00bb global_colors_info=\u00bb{}\u00bb custom_padding__hover=\u00bb|||\u00bb][et_pb_text _builder_version=\u00bb4.16&#8243; text_text_color=\u00bb#FFFFFF\u00bb text_font_size=\u00bb16px\u00bb header_3_font=\u00bb|600|||||||\u00bb header_3_text_color=\u00bb#FFFFFF\u00bb header_3_line_height=\u00bb1.3em\u00bb header_4_text_color=\u00bb#FFFFFF\u00bb global_colors_info=\u00bb{}\u00bb]<\/p>\n<h3>\u00bfQu\u00e9 ocurre si ingres\u00e9 mal alg\u00fan dato en el registro?<\/h3>\n<p>El cambio es muy complejo, por lo cual te sugerimos tener mucho cuidado al registrarte. Este error no perjudica tu diagn\u00f3stico, pero es importante para tu certificado.[\/et_pb_text][et_pb_text _builder_version=\u00bb4.16&#8243; text_text_color=\u00bb#FFFFFF\u00bb text_font_size=\u00bb16px\u00bb header_3_font=\u00bb|600|||||||\u00bb header_3_text_color=\u00bb#FFFFFF\u00bb header_3_line_height=\u00bb1.3em\u00bb header_4_text_color=\u00bb#FFFFFF\u00bb global_colors_info=\u00bb{}\u00bb]<\/p>\n<h3>\u00bfPor qu\u00e9 no me lleg\u00f3 el correo de confirmaci\u00f3n del registro?<\/h3>\n<p>No es necesario recibir una confirmaci\u00f3n por correo electr\u00f3nico. Con los datos que registraste es suficiente para ingresar.[\/et_pb_text][et_pb_text _builder_version=\u00bb4.16&#8243; text_text_color=\u00bb#FFFFFF\u00bb text_font_size=\u00bb16px\u00bb header_3_font=\u00bb|600|||||||\u00bb header_3_text_color=\u00bb#FFFFFF\u00bb header_3_line_height=\u00bb1.3em\u00bb header_4_text_color=\u00bb#FFFFFF\u00bb global_colors_info=\u00bb{}\u00bb]<\/p>\n<h3>\u00bfCu\u00e1nto cuesta?<\/h3>\n<p>Es gratuito, \u00a1aprov\u00e9chalo![\/et_pb_text][\/et_pb_column][et_pb_column type=\u00bb1_2&#8243; _builder_version=\u00bb4.16&#8243; custom_padding=\u00bb|||\u00bb global_colors_info=\u00bb{}\u00bb custom_padding__hover=\u00bb|||\u00bb][et_pb_image src=\u00bbhttps:\/\/suayed.facmed.unam.mx\/wp-content\/uploads\/2024\/08\/cap_premed04.jpg\u00bb title_text=\u00bbcap_premed04&#8243; align=\u00bbcenter\u00bb _builder_version=\u00bb4.23.1&#8243; _module_preset=\u00bbdefault\u00bb global_colors_info=\u00bb{}\u00bb][\/et_pb_image][\/et_pb_column][\/et_pb_row][et_pb_row _builder_version=\u00bb4.16&#8243; global_colors_info=\u00bb{}\u00bb][et_pb_column type=\u00bb4_4&#8243; _builder_version=\u00bb4.16&#8243; custom_padding=\u00bb|||\u00bb global_colors_info=\u00bb{}\u00bb custom_padding__hover=\u00bb|||\u00bb][et_pb_text _builder_version=\u00bb4.16&#8243; text_text_color=\u00bb#FFFFFF\u00bb text_font_size=\u00bb16px\u00bb header_3_font=\u00bb|600|||||||\u00bb header_3_text_align=\u00bbcenter\u00bb header_3_text_color=\u00bb#FFFFFF\u00bb header_3_line_height=\u00bb1.3em\u00bb header_4_text_color=\u00bb#FFFFFF\u00bb global_colors_info=\u00bb{}\u00bb]<\/p>\n<h3>AVISO IMPORTANTE<\/h3>\n<p>El uso y aprovechamiento de este sitio electr\u00f3nico es independiente del proceso de ingreso a las licenciaturas que ofrece la Facultad de Medicina y en ninguna forma asegura el ingreso de los usuarios a las licenciaturas de su inter\u00e9s, es s\u00f3lo una estrategia de autoconocimiento y diagn\u00f3stico acad\u00e9mico para apoyar a los estudiantes a tener un mejor desempe\u00f1o acad\u00e9mico durante su primer a\u00f1o, en caso de ser aceptados en alguna licenciatura de la Facultad.[\/et_pb_text][\/et_pb_column][\/et_pb_row][et_pb_row _builder_version=\u00bb4.23.1&#8243; _module_preset=\u00bbdefault\u00bb global_colors_info=\u00bb{}\u00bb][et_pb_column type=\u00bb4_4&#8243; _builder_version=\u00bb4.23.1&#8243; _module_preset=\u00bbdefault\u00bb global_colors_info=\u00bb{}\u00bb][et_pb_button button_url=\u00bbhttps:\/\/suayed.facmed.unam.mx\/wp-content\/uploads\/2024\/11\/Premed02_24B_int.pdf\u00bb url_new_window=\u00bbon\u00bb button_text=\u00bbDescarga la infograf\u00eda\u00bb button_alignment=\u00bbcenter\u00bb _builder_version=\u00bb4.23.1&#8243; _module_preset=\u00bbdefault\u00bb background_layout=\u00bbdark\u00bb hover_enabled=\u00bb0&#8243; global_colors_info=\u00bb{}\u00bb custom_button=\u00bbon\u00bb button_bg_color=\u00bb#005d74&#8243; button_bg_enable_color=\u00bbon\u00bb sticky_enabled=\u00bb0&#8243;][\/et_pb_button][\/et_pb_column][\/et_pb_row][\/et_pb_section]<\/p>\n","protected":false},"excerpt":{"rendered":"<p>\u00bfTerminaste el bachillerato? \u00bfDeseas ingresar a una licenciatura del \u00e1rea de la salud? &nbsp; \u00a1\u00danete a nuestra comunidad y revisa tu salud acad\u00e9mica integral!Ingresa a la plataforma\u00bfQu\u00e9 es Comunidad PREMED? Es un sitio electr\u00f3nico que cre\u00f3 la Facultad de Medicina para ayudarte a diagnosticar y revisar los conocimientos del bachillerato que son necesarios para cursar [&hellip;]<\/p>\n","protected":false},"author":2,"featured_media":0,"parent":50,"menu_order":0,"comment_status":"closed","ping_status":"closed","template":"","meta":{"_et_pb_use_builder":"on","_et_pb_old_content":"","_et_gb_content_width":"","footnotes":""},"class_list":["post-226","page","type-page","status-publish","hentry"],"jetpack_sharing_enabled":true,"_links":{"self":[{"href":"https:\/\/suayed.facmed.unam.mx\/index.php\/wp-json\/wp\/v2\/pages\/226","targetHints":{"allow":["GET"]}}],"collection":[{"href":"https:\/\/suayed.facmed.unam.mx\/index.php\/wp-json\/wp\/v2\/pages"}],"about":[{"href":"https:\/\/suayed.facmed.unam.mx\/index.php\/wp-json\/wp\/v2\/types\/page"}],"author":[{"embeddable":true,"href":"https:\/\/suayed.facmed.unam.mx\/index.php\/wp-json\/wp\/v2\/users\/2"}],"replies":[{"embeddable":true,"href":"https:\/\/suayed.facmed.unam.mx\/index.php\/wp-json\/wp\/v2\/comments?post=226"}],"version-history":[{"count":27,"href":"https:\/\/suayed.facmed.unam.mx\/index.php\/wp-json\/wp\/v2\/pages\/226\/revisions"}],"predecessor-version":[{"id":1194,"href":"https:\/\/suayed.facmed.unam.mx\/index.php\/wp-json\/wp\/v2\/pages\/226\/revisions\/1194"}],"up":[{"embeddable":true,"href":"https:\/\/suayed.facmed.unam.mx\/index.php\/wp-json\/wp\/v2\/pages\/50"}],"wp:attachment":[{"href":"https:\/\/suayed.facmed.unam.mx\/index.php\/wp-json\/wp\/v2\/media?parent=226"}],"curies":[{"name":"wp","href":"https:\/\/api.w.org\/{rel}","templated":true}]}}