{"id":50,"date":"2022-03-07T18:16:10","date_gmt":"2022-03-07T18:16:10","guid":{"rendered":"https:\/\/suayed.facmed.unam.mx\/?page_id=50"},"modified":"2024-08-11T00:26:26","modified_gmt":"2024-08-11T00:26:26","slug":"aprendeenlinea","status":"publish","type":"page","link":"https:\/\/suayed.facmed.unam.mx\/index.php\/aprendeenlinea\/","title":{"rendered":"Aprende en l\u00ednea"},"content":{"rendered":"<p>[et_pb_section fb_built=\u00bb1&#8243; _builder_version=\u00bb4.16&#8243; background_color=\u00bb#af81d1&#8243; global_colors_info=\u00bb{}\u00bb][et_pb_row column_structure=\u00bb1_2,1_2&#8243; _builder_version=\u00bb4.16&#8243; global_colors_info=\u00bb{}\u00bb][et_pb_column type=\u00bb1_2&#8243; _builder_version=\u00bb4.16&#8243; custom_padding=\u00bb|||\u00bb global_colors_info=\u00bb{}\u00bb custom_padding__hover=\u00bb|||\u00bb][et_pb_text _builder_version=\u00bb4.16&#8243; text_text_color=\u00bb#FFFFFF\u00bb header_text_color=\u00bb#FFFFFF\u00bb header_2_text_color=\u00bb#FFFFFF\u00bb header_3_text_color=\u00bb#FFFFFF\u00bb header_4_text_color=\u00bb#FFFFFF\u00bb global_colors_info=\u00bb{}\u00bb]<\/p>\n<h3>Comunidad PREMED<\/h3>\n<h4>\u00bfQu\u00e9 es?<\/h4>\n<p>Es un sitio electr\u00f3nico que cre\u00f3 la Facultad de Medicina para ayudarte a diagnosticar y revisar los conocimientos del bachillerato que son necesarios para cursar de manera m\u00e1s eficiente las asignaturas al inicio de tu licenciatura.<\/p>\n<p>[\/et_pb_text][et_pb_button button_url=\u00bbhttps:\/\/premed.facmed.unam.mx\/\u00bb url_new_window=\u00bbon\u00bb button_text=\u00bbIngresar al sitio \u00bb _builder_version=\u00bb4.16&#8243; background_layout=\u00bbdark\u00bb global_colors_info=\u00bb{}\u00bb][\/et_pb_button][et_pb_button button_url=\u00bbhttps:\/\/suayed.facmed.unam.mx\/index.php\/aprendeenlinea\/premed\/\u00bb button_text=\u00bbSaber m\u00e1s \u00bb _builder_version=\u00bb4.16&#8243; background_layout=\u00bbdark\u00bb hover_enabled=\u00bb0&#8243; global_colors_info=\u00bb{}\u00bb sticky_enabled=\u00bb0&#8243;][\/et_pb_button][\/et_pb_column][et_pb_column type=\u00bb1_2&#8243; _builder_version=\u00bb4.16&#8243; custom_padding=\u00bb|||\u00bb global_colors_info=\u00bb{}\u00bb custom_padding__hover=\u00bb|||\u00bb][et_pb_image src=\u00bbhttps:\/\/suayed.facmed.unam.mx\/wp-content\/uploads\/2022\/02\/premed.jpeg\u00bb align=\u00bbcenter\u00bb align_tablet=\u00bbcenter\u00bb align_phone=\u00bbcenter\u00bb align_last_edited=\u00bbon|desktop\u00bb _builder_version=\u00bb4.16&#8243; hover_enabled=\u00bb0&#8243; box_shadow_style=\u00bbpreset1&#8243; global_colors_info=\u00bb{}\u00bb sticky_enabled=\u00bb0&#8243;][\/et_pb_image][\/et_pb_column][\/et_pb_row][\/et_pb_section][et_pb_section fb_built=\u00bb1&#8243; _builder_version=\u00bb4.16&#8243; background_color=\u00bb#5b5a93&#8243; global_colors_info=\u00bb{}\u00bb][et_pb_row column_structure=\u00bb1_2,1_2&#8243; _builder_version=\u00bb4.16&#8243; global_colors_info=\u00bb{}\u00bb][et_pb_column type=\u00bb1_2&#8243; _builder_version=\u00bb4.16&#8243; custom_padding=\u00bb|||\u00bb global_colors_info=\u00bb{}\u00bb custom_padding__hover=\u00bb|||\u00bb][et_pb_text _builder_version=\u00bb4.16&#8243; text_text_color=\u00bb#FFFFFF\u00bb header_3_font=\u00bb|600|||||||\u00bb header_3_text_color=\u00bb#FFFFFF\u00bb header_4_text_color=\u00bb#FFFFFF\u00bb global_colors_info=\u00bb{}\u00bb]<\/p>\n<h3>Ponte en l\u00edne@<\/h3>\n<h4>\u00bfQu\u00e9 es?<\/h4>\n<p>La Facultad de Medicina dise\u00f1\u00f3 este programa para ti, con el prop\u00f3sito de reforzar tus aprendizajes, por medio de tutor\u00edas, seminarios y recursos educativos.<\/p>\n<p>[\/et_pb_text][et_pb_button button_url=\u00bbhttp:\/\/ponteenlinea.facmed.unam.mx\/\u00bb url_new_window=\u00bbon\u00bb button_text=\u00bbIngresar al sitio \u00bb _builder_version=\u00bb4.16&#8243; background_layout=\u00bbdark\u00bb global_colors_info=\u00bb{}\u00bb][\/et_pb_button][et_pb_button button_url=\u00bbhttps:\/\/suayed.facmed.unam.mx\/index.php\/aprendeenlinea\/ponteenlinea\/\u00bb button_text=\u00bbSaber m\u00e1s \u00bb _builder_version=\u00bb4.23.1&#8243; background_layout=\u00bbdark\u00bb hover_enabled=\u00bb0&#8243; global_colors_info=\u00bb{}\u00bb sticky_enabled=\u00bb0&#8243;][\/et_pb_button][\/et_pb_column][et_pb_column type=\u00bb1_2&#8243; _builder_version=\u00bb4.16&#8243; custom_padding=\u00bb|||\u00bb global_colors_info=\u00bb{}\u00bb custom_padding__hover=\u00bb|||\u00bb][et_pb_image src=\u00bbhttps:\/\/suayed.facmed.unam.mx\/wp-content\/uploads\/2022\/02\/pontelin.jpeg\u00bb align=\u00bbcenter\u00bb align_tablet=\u00bbcenter\u00bb align_phone=\u00bbcenter\u00bb align_last_edited=\u00bbon|desktop\u00bb _builder_version=\u00bb4.16&#8243; hover_enabled=\u00bb0&#8243; box_shadow_style=\u00bbpreset1&#8243; global_colors_info=\u00bb{}\u00bb sticky_enabled=\u00bb0&#8243;][\/et_pb_image][\/et_pb_column][\/et_pb_row][\/et_pb_section][et_pb_section fb_built=\u00bb1&#8243; _builder_version=\u00bb4.16&#8243; background_color=\u00bb#69a2b5&#8243; global_colors_info=\u00bb{}\u00bb][et_pb_row column_structure=\u00bb1_2,1_2&#8243; _builder_version=\u00bb4.16&#8243; global_colors_info=\u00bb{}\u00bb][et_pb_column type=\u00bb1_2&#8243; _builder_version=\u00bb4.16&#8243; custom_padding=\u00bb|||\u00bb global_colors_info=\u00bb{}\u00bb custom_padding__hover=\u00bb|||\u00bb][et_pb_text _builder_version=\u00bb4.16&#8243; text_text_color=\u00bb#FFFFFF\u00bb header_3_font=\u00bb|600|||||||\u00bb header_3_text_color=\u00bb#FFFFFF\u00bb header_4_text_color=\u00bb#FFFFFF\u00bb global_colors_info=\u00bb{}\u00bb]<\/p>\n<h3>Asignaturas Optativas a Distancia<\/h3>\n<p>Las Materias Optativas en L\u00ednea en la Modalidad a Distancia (MOLIMOD).<br \/>\nRequieren dos horas a la semana de estudio, pueden ser cursadas a cualquier hora y desde cualquier punto con conexi\u00f3n a internet.[\/et_pb_text][et_pb_button button_url=\u00bbhttps:\/\/proyectos.cuaed.unam.mx\/lic_medcirujano\/\u00bb url_new_window=\u00bbon\u00bb button_text=\u00bbAulas virtuales \u00bb _builder_version=\u00bb4.16&#8243; background_layout=\u00bbdark\u00bb global_colors_info=\u00bb{}\u00bb][\/et_pb_button][et_pb_button button_url=\u00bbhttps:\/\/suayed.facmed.unam.mx\/index.php\/aprende-en-linea\/molimod\/\u00bb button_text=\u00bbSaber m\u00e1s \u00bb _builder_version=\u00bb4.16&#8243; background_layout=\u00bbdark\u00bb hover_enabled=\u00bb0&#8243; global_colors_info=\u00bb{}\u00bb sticky_enabled=\u00bb0&#8243;][\/et_pb_button][\/et_pb_column][et_pb_column type=\u00bb1_2&#8243; _builder_version=\u00bb4.16&#8243; custom_padding=\u00bb|||\u00bb global_colors_info=\u00bb{}\u00bb custom_padding__hover=\u00bb|||\u00bb][et_pb_image src=\u00bbhttps:\/\/suayed.facmed.unam.mx\/wp-content\/uploads\/2022\/02\/molimod_segundasecc.jpeg\u00bb align=\u00bbcenter\u00bb align_tablet=\u00bbcenter\u00bb align_phone=\u00bbcenter\u00bb align_last_edited=\u00bbon|desktop\u00bb _builder_version=\u00bb4.16&#8243; box_shadow_style=\u00bbpreset1&#8243; global_colors_info=\u00bb{}\u00bb][\/et_pb_image][\/et_pb_column][\/et_pb_row][\/et_pb_section][et_pb_section fb_built=\u00bb1&#8243; _builder_version=\u00bb4.16&#8243; background_color=\u00bb#ffaa59&#8243; global_colors_info=\u00bb{}\u00bb][et_pb_row column_structure=\u00bb1_2,1_2&#8243; _builder_version=\u00bb4.16&#8243; global_colors_info=\u00bb{}\u00bb][et_pb_column type=\u00bb1_2&#8243; _builder_version=\u00bb4.16&#8243; custom_padding=\u00bb|||\u00bb global_colors_info=\u00bb{}\u00bb custom_padding__hover=\u00bb|||\u00bb][et_pb_text _builder_version=\u00bb4.16&#8243; text_text_color=\u00bb#FFFFFF\u00bb header_3_font=\u00bb|600|||||||\u00bb header_3_text_color=\u00bb#FFFFFF\u00bb header_4_text_color=\u00bb#FFFFFF\u00bb global_colors_info=\u00bb{}\u00bb]<\/p>\n<h3>MOLIMOD Periodo intensivo<\/h3>\n<h4>\u00bfQu\u00e9 son?<\/h4>\n<p>Son cursos de materias optativas en la modalidad a distancia que se abren en las primeras dos semanas de junio en un nuevo periodo, cuando el ciclo escolar del primer y segundo a\u00f1o de la licenciatura de M\u00e9dico Cirujano ha concluido ex\u00e1menes ordinarios.<\/p>\n<p>[\/et_pb_text][et_pb_button button_url=\u00bbhttps:\/\/suayed.facmed.unam.mx\/index.php\/aprende-en-linea\/intensivos\/\u00bb button_text=\u00bbSaber m\u00e1s \u00bb _builder_version=\u00bb4.16&#8243; background_layout=\u00bbdark\u00bb global_colors_info=\u00bb{}\u00bb][\/et_pb_button][\/et_pb_column][et_pb_column type=\u00bb1_2&#8243; _builder_version=\u00bb4.16&#8243; custom_padding=\u00bb|||\u00bb global_colors_info=\u00bb{}\u00bb custom_padding__hover=\u00bb|||\u00bb][et_pb_image src=\u00bbhttps:\/\/suayed.facmed.unam.mx\/wp-content\/uploads\/2022\/03\/intenas_segundasecc_botoninicio.jpg\u00bb title_text=\u00bbintenas_segundasecc_botoninicio\u00bb align=\u00bbcenter\u00bb _builder_version=\u00bb4.16&#8243; _module_preset=\u00bbdefault\u00bb box_shadow_style=\u00bbpreset1&#8243; global_colors_info=\u00bb{}\u00bb][\/et_pb_image][\/et_pb_column][\/et_pb_row][\/et_pb_section][et_pb_section fb_built=\u00bb1&#8243; _builder_version=\u00bb4.17.4&#8243; background_enable_color=\u00bboff\u00bb background_image=\u00bbhttps:\/\/suayed.facmed.unam.mx\/wp-content\/uploads\/2022\/06\/fondo01b_Mesa-de-trabajo-1.jpg\u00bb global_colors_info=\u00bb{}\u00bb][et_pb_row column_structure=\u00bb1_2,1_2&#8243; _builder_version=\u00bb4.16&#8243; global_colors_info=\u00bb{}\u00bb][et_pb_column type=\u00bb1_2&#8243; _builder_version=\u00bb4.16&#8243; custom_padding=\u00bb|||\u00bb global_colors_info=\u00bb{}\u00bb custom_padding__hover=\u00bb|||\u00bb][et_pb_text _builder_version=\u00bb4.17.4&#8243; text_text_color=\u00bb#FFFFFF\u00bb header_3_font=\u00bb|600|||||||\u00bb header_3_text_color=\u00bb#FFFFFF\u00bb header_4_text_color=\u00bb#FFFFFF\u00bb global_colors_info=\u00bb{}\u00bb]<\/p>\n<h3>TUFH TALK<\/h3>\n<p>Tiene el prop\u00f3sito de apoyar al desarrollo de habilidades orales para participar en eventos acad\u00e9micos en ingl\u00e9s haciendo preguntas o comentarios, a trav\u00e9s de la pr\u00e1ctica de estrategias y actividades de estudio autorregulado.[\/et_pb_text][et_pb_button button_url=\u00bbhttps:\/\/progingles.facmed.unam.mx\/index.php\/tufhtalk\/\u00bb url_new_window=\u00bbon\u00bb button_text=\u00bbSaber m\u00e1s \u00bb _builder_version=\u00bb4.17.4&#8243; background_layout=\u00bbdark\u00bb global_colors_info=\u00bb{}\u00bb][\/et_pb_button][\/et_pb_column][et_pb_column type=\u00bb1_2&#8243; _builder_version=\u00bb4.16&#8243; custom_padding=\u00bb|||\u00bb global_colors_info=\u00bb{}\u00bb custom_padding__hover=\u00bb|||\u00bb][et_pb_image src=\u00bbhttps:\/\/suayed.facmed.unam.mx\/wp-content\/uploads\/2022\/06\/tufhtalk_botoninicio.jpg\u00bb title_text=\u00bbtufhtalk_botoninicio\u00bb align=\u00bbcenter\u00bb _builder_version=\u00bb4.17.4&#8243; _module_preset=\u00bbdefault\u00bb box_shadow_style=\u00bbpreset1&#8243; global_colors_info=\u00bb{}\u00bb][\/et_pb_image][\/et_pb_column][\/et_pb_row][\/et_pb_section]<\/p>\n","protected":false},"excerpt":{"rendered":"<p>Comunidad PREMED \u00bfQu\u00e9 es? Es un sitio electr\u00f3nico que cre\u00f3 la Facultad de Medicina para ayudarte a diagnosticar y revisar los conocimientos del bachillerato que son necesarios para cursar de manera m\u00e1s eficiente las asignaturas al inicio de tu licenciatura.Ponte en l\u00edne@ \u00bfQu\u00e9 es? La Facultad de Medicina dise\u00f1\u00f3 este programa para ti, con el [&hellip;]<\/p>\n","protected":false},"author":1,"featured_media":0,"parent":0,"menu_order":0,"comment_status":"closed","ping_status":"closed","template":"","meta":{"_et_pb_use_builder":"on","_et_pb_old_content":"","_et_gb_content_width":"","footnotes":""},"class_list":["post-50","page","type-page","status-publish","hentry"],"jetpack_sharing_enabled":true,"_links":{"self":[{"href":"https:\/\/suayed.facmed.unam.mx\/index.php\/wp-json\/wp\/v2\/pages\/50","targetHints":{"allow":["GET"]}}],"collection":[{"href":"https:\/\/suayed.facmed.unam.mx\/index.php\/wp-json\/wp\/v2\/pages"}],"about":[{"href":"https:\/\/suayed.facmed.unam.mx\/index.php\/wp-json\/wp\/v2\/types\/page"}],"author":[{"embeddable":true,"href":"https:\/\/suayed.facmed.unam.mx\/index.php\/wp-json\/wp\/v2\/users\/1"}],"replies":[{"embeddable":true,"href":"https:\/\/suayed.facmed.unam.mx\/index.php\/wp-json\/wp\/v2\/comments?post=50"}],"version-history":[{"count":21,"href":"https:\/\/suayed.facmed.unam.mx\/index.php\/wp-json\/wp\/v2\/pages\/50\/revisions"}],"predecessor-version":[{"id":692,"href":"https:\/\/suayed.facmed.unam.mx\/index.php\/wp-json\/wp\/v2\/pages\/50\/revisions\/692"}],"wp:attachment":[{"href":"https:\/\/suayed.facmed.unam.mx\/index.php\/wp-json\/wp\/v2\/media?parent=50"}],"curies":[{"name":"wp","href":"https:\/\/api.w.org\/{rel}","templated":true}]}}