{"id":904,"date":"2025-02-24T18:00:56","date_gmt":"2025-02-24T18:00:56","guid":{"rendered":"https:\/\/suayed.facmed.unam.mx\/?page_id=904"},"modified":"2026-03-11T19:46:22","modified_gmt":"2026-03-11T19:46:22","slug":"logratumeta-incorporadas","status":"publish","type":"page","link":"https:\/\/suayed.facmed.unam.mx\/index.php\/logratumeta-incorporadas\/","title":{"rendered":"Logra tu Meta para Escuelas Incorporadas"},"content":{"rendered":"<p>[et_pb_section fb_built=\u00bb1&#8243; _builder_version=\u00bb4.23.1&#8243; _module_preset=\u00bbdefault\u00bb use_background_color_gradient=\u00bbon\u00bb background_color_gradient_direction=\u00bb135deg\u00bb background_color_gradient_stops=\u00bb#0097a4 18%|#017989 67%\u00bb background_image=\u00bbhttps:\/\/suayed.facmed.unam.mx\/wp-content\/uploads\/2024\/04\/logratmfond_Mesa-de-trabajo-1.png\u00bb parallax=\u00bbon\u00bb da_disable_devices=\u00bboff|off|off\u00bb global_colors_info=\u00bb{}\u00bb da_is_popup=\u00bboff\u00bb da_exit_intent=\u00bboff\u00bb da_has_close=\u00bbon\u00bb da_alt_close=\u00bboff\u00bb da_dark_close=\u00bboff\u00bb da_not_modal=\u00bbon\u00bb da_is_singular=\u00bboff\u00bb da_with_loader=\u00bboff\u00bb da_has_shadow=\u00bbon\u00bb][et_pb_row _builder_version=\u00bb4.23.1&#8243; _module_preset=\u00bbdefault\u00bb global_colors_info=\u00bb{}\u00bb][et_pb_column type=\u00bb4_4&#8243; _builder_version=\u00bb4.23.1&#8243; _module_preset=\u00bbdefault\u00bb global_colors_info=\u00bb{}\u00bb][et_pb_text _builder_version=\u00bb4.23.1&#8243; _module_preset=\u00bbdefault\u00bb text_font=\u00bbMontserrat|500|||||||\u00bb text_font_size=\u00bb50px\u00bb text_line_height=\u00bb1.72em\u00bb background_layout=\u00bbdark\u00bb custom_margin=\u00bb0px||||false|false\u00bb custom_padding=\u00bb||||false|false\u00bb global_colors_info=\u00bb{}\u00bb]<\/p>\n<p style=\"text-align: center;\"><strong>Registro para Escuelas Incorporadas a la UNAM<\/strong><\/p>\n<p>[\/et_pb_text][et_pb_text _builder_version=\u00bb4.23.1&#8243; _module_preset=\u00bbdefault\u00bb text_font=\u00bbMontserrat|500|||||||\u00bb text_font_size=\u00bb30px\u00bb text_line_height=\u00bb1.72em\u00bb background_layout=\u00bbdark\u00bb custom_margin=\u00bb||0px||false|false\u00bb global_colors_info=\u00bb{}\u00bb]<\/p>\n<p style=\"text-align: center;\"><b>Ex\u00e1menes de autoevaluaci\u00f3n<\/b><\/p>\n<p>[\/et_pb_text][\/et_pb_column][\/et_pb_row][et_pb_row _builder_version=\u00bb4.23.1&#8243; _module_preset=\u00bbdefault\u00bb global_colors_info=\u00bb{}\u00bb][et_pb_column type=\u00bb4_4&#8243; _builder_version=\u00bb4.23.1&#8243; _module_preset=\u00bbdefault\u00bb global_colors_info=\u00bb{}\u00bb][et_pb_image src=\u00bbhttps:\/\/suayed.facmed.unam.mx\/wp-content\/uploads\/2024\/04\/logologratm.png\u00bb title_text=\u00bblogologratm\u00bb _builder_version=\u00bb4.23.1&#8243; _module_preset=\u00bbdefault\u00bb global_colors_info=\u00bb{}\u00bb][\/et_pb_image][\/et_pb_column][\/et_pb_row][et_pb_row _builder_version=\u00bb4.23.1&#8243; _module_preset=\u00bbdefault\u00bb global_colors_info=\u00bb{}\u00bb][et_pb_column type=\u00bb4_4&#8243; _builder_version=\u00bb4.23.1&#8243; _module_preset=\u00bbdefault\u00bb global_colors_info=\u00bb{}\u00bb][et_pb_text _builder_version=\u00bb4.23.1&#8243; _module_preset=\u00bbdefault\u00bb text_font=\u00bbMontserrat|500|||||||\u00bb text_font_size=\u00bb30px\u00bb text_line_height=\u00bb1.72em\u00bb background_layout=\u00bbdark\u00bb global_colors_info=\u00bb{}\u00bb]<\/p>\n<p style=\"text-align: center;\"><strong>\u00bfTe interesa ingresar a una especialidad m\u00e9dica?<\/strong><\/p>\n<p>[\/et_pb_text][et_pb_text _builder_version=\u00bb4.23.1&#8243; _module_preset=\u00bbdefault\u00bb text_font=\u00bbMontserrat|500|||||||\u00bb text_font_size=\u00bb30px\u00bb text_line_height=\u00bb1.72em\u00bb background_layout=\u00bbdark\u00bb global_colors_info=\u00bb{}\u00bb]<\/p>\n<p style=\"text-align: center;\">Fortalece tus conocimientos en Medicina General con los cuatro ex\u00e1menes de autoevaluaci\u00f3n\u00a0<strong>\u201cLogra tu Meta\u201d<\/strong>\u00a0y prep\u00e1rate para el ENARM.<\/p>\n<p>[\/et_pb_text][\/et_pb_column][\/et_pb_row][et_pb_row column_structure=\u00bb1_2,1_2&#8243; _builder_version=\u00bb4.23.1&#8243; _module_preset=\u00bbdefault\u00bb global_colors_info=\u00bb{}\u00bb][et_pb_column type=\u00bb1_2&#8243; _builder_version=\u00bb4.23.1&#8243; _module_preset=\u00bbdefault\u00bb global_colors_info=\u00bb{}\u00bb][et_pb_image src=\u00bbhttps:\/\/suayed.facmed.unam.mx\/wp-content\/uploads\/2024\/04\/IMG_2086.jpg\u00bb title_text=\u00bbIMG_2086&#8243; _builder_version=\u00bb4.23.1&#8243; _module_preset=\u00bbdefault\u00bb global_colors_info=\u00bb{}\u00bb][\/et_pb_image][\/et_pb_column][et_pb_column type=\u00bb1_2&#8243; _builder_version=\u00bb4.23.1&#8243; _module_preset=\u00bbdefault\u00bb global_colors_info=\u00bb{}\u00bb][et_pb_image src=\u00bbhttps:\/\/suayed.facmed.unam.mx\/wp-content\/uploads\/2024\/04\/IMG_2091.jpg\u00bb title_text=\u00bbIMG_2091&#8243; _builder_version=\u00bb4.23.1&#8243; _module_preset=\u00bbdefault\u00bb global_colors_info=\u00bb{}\u00bb][\/et_pb_image][\/et_pb_column][\/et_pb_row][et_pb_row _builder_version=\u00bb4.23.1&#8243; _module_preset=\u00bbdefault\u00bb global_colors_info=\u00bb{}\u00bb][et_pb_column type=\u00bb4_4&#8243; _builder_version=\u00bb4.23.1&#8243; _module_preset=\u00bbdefault\u00bb global_colors_info=\u00bb{}\u00bb][et_pb_text _builder_version=\u00bb4.23.1&#8243; _module_preset=\u00bbdefault\u00bb text_font=\u00bbMontserrat|500|||||||\u00bb text_font_size=\u00bb20px\u00bb background_layout=\u00bbdark\u00bb global_colors_info=\u00bb{}\u00bb]<\/p>\n<h3><strong>Los ex\u00e1menes de autoevaluaci\u00f3n \u201cLogra tu Meta\u201d<\/strong><\/h3>\n<p>Son ejercicios tipo \u201csimulador\u201d que eval\u00faan distintas \u00e1reas m\u00e9dicas; puedes utilizarlos para examinar tus conocimientos de medicina y orientar tu preparaci\u00f3n para tu futuro profesional al presentar el Examen Nacional de Aspirantes a Residencias M\u00e9dicas (ENARM).<\/p>\n<p>Estas autoevaluaciones te ayudar\u00e1n a:<\/p>\n<ul>\n<li><strong>Identificar fortalezas y \u00e1reas de oportunidad<\/strong><\/li>\n<li><strong>Medir tu tiempo de respuesta ya que simula el formato del ENARM<\/strong><\/li>\n<li><strong>Reforzar tu preparaci\u00f3n con una evaluaci\u00f3n realista<\/strong><\/li>\n<li><strong>Dar seguimiento a tu progreso al recibir resultados inmediatos de la evaluaci\u00f3n<\/strong><\/li>\n<\/ul>\n<p>[\/et_pb_text][\/et_pb_column][\/et_pb_row][et_pb_row column_structure=\u00bb1_4,3_4&#8243; _builder_version=\u00bb4.23.1&#8243; _module_preset=\u00bbdefault\u00bb global_colors_info=\u00bb{}\u00bb][et_pb_column type=\u00bb1_4&#8243; _builder_version=\u00bb4.23.1&#8243; _module_preset=\u00bbdefault\u00bb global_colors_info=\u00bb{}\u00bb][et_pb_image src=\u00bbhttps:\/\/suayed.facmed.unam.mx\/wp-content\/uploads\/2025\/03\/personas.png\u00bb title_text=\u00bbpersonas\u00bb align=\u00bbcenter\u00bb _builder_version=\u00bb4.23.1&#8243; _module_preset=\u00bbdefault\u00bb width=\u00bb60%\u00bb global_colors_info=\u00bb{}\u00bb][\/et_pb_image][\/et_pb_column][et_pb_column type=\u00bb3_4&#8243; _builder_version=\u00bb4.23.1&#8243; _module_preset=\u00bbdefault\u00bb global_colors_info=\u00bb{}\u00bb][et_pb_text _builder_version=\u00bb4.23.1&#8243; _module_preset=\u00bbdefault\u00bb text_font=\u00bbMontserrat|500|||||||\u00bb text_font_size=\u00bb20px\u00bb background_layout=\u00bbdark\u00bb global_colors_info=\u00bb{}\u00bb]<\/p>\n<p>Dirigido a estudiantes de Servicio Social y personas egresadas de la licenciatura de M\u00e9dico Cirujano de Escuelas Incorporadas entre 2023 y 2026.<\/p>\n<p>[\/et_pb_text][\/et_pb_column][\/et_pb_row][et_pb_row column_structure=\u00bb1_4,1_2,1_4&#8243; _builder_version=\u00bb4.23.1&#8243; _module_preset=\u00bbdefault\u00bb global_colors_info=\u00bb{}\u00bb][et_pb_column type=\u00bb1_4&#8243; _builder_version=\u00bb4.23.1&#8243; _module_preset=\u00bbdefault\u00bb global_colors_info=\u00bb{}\u00bb][et_pb_image src=\u00bbhttps:\/\/suayed.facmed.unam.mx\/wp-content\/uploads\/2025\/03\/calendario.png\u00bb title_text=\u00bbcalendario\u00bb align=\u00bbcenter\u00bb _builder_version=\u00bb4.23.1&#8243; _module_preset=\u00bbdefault\u00bb width=\u00bb60%\u00bb global_colors_info=\u00bb{}\u00bb][\/et_pb_image][\/et_pb_column][et_pb_column type=\u00bb1_2&#8243; _builder_version=\u00bb4.23.1&#8243; _module_preset=\u00bbdefault\u00bb global_colors_info=\u00bb{}\u00bb][et_pb_text _builder_version=\u00bb4.23.1&#8243; _module_preset=\u00bbdefault\u00bb text_font=\u00bbMontserrat|500|||||||\u00bb text_font_size=\u00bb20px\u00bb header_2_line_height=\u00bb1.3em\u00bb header_3_line_height=\u00bb1.3em\u00bb text_orientation=\u00bbcenter\u00bb background_layout=\u00bbdark\u00bb global_colors_info=\u00bb{}\u00bb]<\/p>\n<h3><strong>Fechas de aplicaci\u00f3n<\/strong><\/h3>\n<p>[\/et_pb_text][et_pb_text _builder_version=\u00bb4.23.1&#8243; _module_preset=\u00bbdefault\u00bb text_font=\u00bbMontserrat|500|||||||\u00bb text_font_size=\u00bb20px\u00bb header_2_line_height=\u00bb1.3em\u00bb header_3_line_height=\u00bb1.3em\u00bb text_orientation=\u00bbcenter\u00bb background_layout=\u00bbdark\u00bb global_colors_info=\u00bb{}\u00bb]<\/p>\n<h2>15 de abril de 2026<\/h2>\n<h2>12 de junio de 2026<\/h2>\n<h2>21 de agosto de 2026<\/h2>\n<h2>11 de septiembre de 2026<\/h2>\n<p>[\/et_pb_text][\/et_pb_column][et_pb_column type=\u00bb1_4&#8243; _builder_version=\u00bb4.23.1&#8243; _module_preset=\u00bbdefault\u00bb global_colors_info=\u00bb{}\u00bb][et_pb_text _builder_version=\u00bb4.23.1&#8243; _module_preset=\u00bbdefault\u00bb text_font=\u00bbMontserrat|500|||||||\u00bb text_font_size=\u00bb20px\u00bb header_2_line_height=\u00bb1.3em\u00bb header_3_line_height=\u00bb1.3em\u00bb text_orientation=\u00bbcenter\u00bb background_layout=\u00bbdark\u00bb global_colors_info=\u00bb{}\u00bb]<\/p>\n<h3><strong>Horario<\/strong><\/h3>\n<p>[\/et_pb_text][et_pb_text _builder_version=\u00bb4.23.1&#8243; _module_preset=\u00bbdefault\u00bb text_font=\u00bbMontserrat|500|||||||\u00bb text_font_size=\u00bb20px\u00bb header_2_line_height=\u00bb1.3em\u00bb header_3_line_height=\u00bb1.3em\u00bb text_orientation=\u00bbcenter\u00bb background_layout=\u00bbdark\u00bb global_colors_info=\u00bb{}\u00bb]<\/p>\n<h2>7:30 a 12:30 horas<\/h2>\n<p>[\/et_pb_text][\/et_pb_column][\/et_pb_row][et_pb_row _builder_version=\u00bb4.23.1&#8243; _module_preset=\u00bbdefault\u00bb global_colors_info=\u00bb{}\u00bb][et_pb_column type=\u00bb4_4&#8243; _builder_version=\u00bb4.23.1&#8243; _module_preset=\u00bbdefault\u00bb global_colors_info=\u00bb{}\u00bb][et_pb_text ol_position=\u00bboutside\u00bb ol_item_indent=\u00bb45px\u00bb _builder_version=\u00bb4.23.1&#8243; _module_preset=\u00bbdefault\u00bb text_font=\u00bbMontserrat|500|||||||\u00bb text_font_size=\u00bb20px\u00bb link_text_color=\u00bb#EDF000&#8243; ol_line_height=\u00bb1.6em\u00bb background_layout=\u00bbdark\u00bb global_colors_info=\u00bb{}\u00bb]<\/p>\n<h3><strong>\u00bfD\u00f3nde y c\u00f3mo es el registro? <\/strong><\/h3>\n<ol>\n<li>Ingresa a <a href=\"https:\/\/www.tiendaenlinea.unam.mx\/productos?filtred=seller&amp;seller_id=16&amp;seller=Facultad%20de%20Medicina\" target=\"_blank\" rel=\"noopener\">Tienda en l\u00ednea UNAM<\/a> localiza el apartado del examen \u201cLogra tu Meta\u201d y realiza el pago en la fecha indicada, necesitar\u00e1s tu n\u00famero de cuenta y el folio de registro (c\u00f3digo asignado a tu escuela), lo puedes solicitar en tu coordinaci\u00f3n de Servicio Social.<\/li>\n<li>Deber\u00e1s enviar el comprobante de pago a las siguientes direcciones de correo electr\u00f3nico:<br \/><a href=\"mailto:servicio.social@facmed.unam.mx\">servicio.social@facmed.unam.mx<\/a> con copia para <a href=\"mailto:suayed@facmed.unam.mx\">suayed@facmed.unam.mx<\/a><\/li>\n<\/ol>\n<p>[\/et_pb_text][et_pb_text ol_position=\u00bboutside\u00bb ol_item_indent=\u00bb45px\u00bb _builder_version=\u00bb4.23.1&#8243; _module_preset=\u00bbdefault\u00bb text_font=\u00bbMontserrat|500|||||||\u00bb text_font_size=\u00bb20px\u00bb link_text_color=\u00bb#EDF000&#8243; ol_line_height=\u00bb1.6em\u00bb background_layout=\u00bbdark\u00bb global_colors_info=\u00bb{}\u00bb]<\/p>\n<h3 style=\"text-align: center;\"><strong>Tutorial<\/strong><\/h3>\n<p>[\/et_pb_text][et_pb_video src=\u00bbhttps:\/\/suayed.facmed.unam.mx\/wp-content\/uploads\/2025\/03\/Vid-LTM.mp4&#8243; _builder_version=\u00bb4.23.1&#8243; _module_preset=\u00bbdefault\u00bb width=\u00bb100%\u00bb max_width=\u00bb40%\u00bb module_alignment=\u00bbcenter\u00bb global_colors_info=\u00bb{}\u00bb][\/et_pb_video][\/et_pb_column][\/et_pb_row][et_pb_row _builder_version=\u00bb4.23.1&#8243; _module_preset=\u00bbdefault\u00bb global_colors_info=\u00bb{}\u00bb][et_pb_column type=\u00bb4_4&#8243; _builder_version=\u00bb4.23.1&#8243; _module_preset=\u00bbdefault\u00bb global_colors_info=\u00bb{}\u00bb][et_pb_text _builder_version=\u00bb4.23.1&#8243; _module_preset=\u00bbdefault\u00bb text_font=\u00bbMontserrat|500|||||||\u00bb text_font_size=\u00bb20px\u00bb link_text_color=\u00bb#EDF000&#8243; background_layout=\u00bbdark\u00bb global_colors_info=\u00bb{}\u00bb]<\/p>\n<h3><strong>\u00bfEn d\u00f3nde se llevar\u00e1n a cabo?<\/strong><\/h3>\n<p>La sede es el auditorio \u201cDr. Raoul Fournier Villada\u201d de la Facultad de Medicina, UNAM.<\/p>\n<p>Los ex\u00e1menes se desarrollar\u00e1n con el aforo y las medidas de seguridad se\u00f1aladas por el personal del Auditorio.<\/p>\n<p>Para tu acceso es necesario presentar identificaci\u00f3n con fotograf\u00eda.<\/p>\n<p>No se permitir\u00e1 el acceso con mochilas , alimentos\u00a0y\/o\u00a0bebidas.<\/p>\n<p>[\/et_pb_text][\/et_pb_column][\/et_pb_row][et_pb_row _builder_version=\u00bb4.23.1&#8243; _module_preset=\u00bbdefault\u00bb global_colors_info=\u00bb{}\u00bb][et_pb_column type=\u00bb4_4&#8243; _builder_version=\u00bb4.23.1&#8243; _module_preset=\u00bbdefault\u00bb global_colors_info=\u00bb{}\u00bb][et_pb_text ol_position=\u00bboutside\u00bb ol_item_indent=\u00bb45px\u00bb _builder_version=\u00bb4.23.1&#8243; _module_preset=\u00bbdefault\u00bb text_font=\u00bbMontserrat|500|||||||\u00bb text_font_size=\u00bb20px\u00bb ol_line_height=\u00bb1.6em\u00bb background_layout=\u00bbdark\u00bb global_colors_info=\u00bb{}\u00bb]<\/p>\n<h3><strong>\u00bfCu\u00e1l es el costo?<\/strong><\/h3>\n<p>Cada aplicaci\u00f3n del examen \u201cLogra tu Meta\u201d, tiene un costo de $500.00 M.N. (exento de IVA).[\/et_pb_text][\/et_pb_column][\/et_pb_row][et_pb_row column_structure=\u00bb1_4,1_4,1_4,1_4&#8243; _builder_version=\u00bb4.23.1&#8243; _module_preset=\u00bbdefault\u00bb custom_margin=\u00bb3em||||false|false\u00bb hover_enabled=\u00bb0&#8243; global_colors_info=\u00bb{}\u00bb sticky_enabled=\u00bb0&#8243;][et_pb_column type=\u00bb1_4&#8243; _builder_version=\u00bb4.23.1&#8243; _module_preset=\u00bbdefault\u00bb hover_enabled=\u00bb0&#8243; global_colors_info=\u00bb{}\u00bb sticky_enabled=\u00bb0&#8243;][et_pb_image src=\u00bbhttps:\/\/suayed.facmed.unam.mx\/wp-content\/uploads\/2024\/04\/facmed02.png\u00bb title_text=\u00bbfacmed02&#8243; align=\u00bbcenter\u00bb _builder_version=\u00bb4.23.1&#8243; _module_preset=\u00bbdefault\u00bb max_width=\u00bb50%\u00bb module_alignment=\u00bbcenter\u00bb global_colors_info=\u00bb{}\u00bb][\/et_pb_image][\/et_pb_column][et_pb_column type=\u00bb1_4&#8243; _builder_version=\u00bb4.23.1&#8243; _module_preset=\u00bbdefault\u00bb hover_enabled=\u00bb0&#8243; global_colors_info=\u00bb{}\u00bb sticky_enabled=\u00bb0&#8243;][et_pb_image src=\u00bbhttps:\/\/suayed.facmed.unam.mx\/wp-content\/uploads\/2024\/04\/suayedfm02.png\u00bb title_text=\u00bbsuayedfm02&#8243; align=\u00bbcenter\u00bb _builder_version=\u00bb4.23.1&#8243; _module_preset=\u00bbdefault\u00bb max_width=\u00bb80%\u00bb module_alignment=\u00bbcenter\u00bb global_colors_info=\u00bb{}\u00bb][\/et_pb_image][\/et_pb_column][et_pb_column type=\u00bb1_4&#8243; _builder_version=\u00bb4.23.1&#8243; _module_preset=\u00bbdefault\u00bb hover_enabled=\u00bb0&#8243; global_colors_info=\u00bb{}\u00bb custom_padding=\u00bb14px||||false|false\u00bb sticky_enabled=\u00bb0&#8243;][et_pb_image src=\u00bbhttps:\/\/suayed.facmed.unam.mx\/wp-content\/uploads\/2026\/03\/logo_seciss2026.png\u00bb title_text=\u00bblogo_seciss2026&#8243; align=\u00bbcenter\u00bb _builder_version=\u00bb4.23.1&#8243; _module_preset=\u00bbdefault\u00bb max_width=\u00bb80%\u00bb module_alignment=\u00bbcenter\u00bb hover_enabled=\u00bb0&#8243; global_colors_info=\u00bb{}\u00bb sticky_enabled=\u00bb0&#8243;][\/et_pb_image][\/et_pb_column][et_pb_column type=\u00bb1_4&#8243; _builder_version=\u00bb4.23.1&#8243; _module_preset=\u00bbdefault\u00bb global_colors_info=\u00bb{}\u00bb][et_pb_image src=\u00bbhttps:\/\/suayed.facmed.unam.mx\/wp-content\/uploads\/2024\/04\/rioarront.png\u00bb title_text=\u00bbrioarront\u00bb align=\u00bbcenter\u00bb _builder_version=\u00bb4.23.1&#8243; _module_preset=\u00bbdefault\u00bb max_width=\u00bb80%\u00bb global_colors_info=\u00bb{}\u00bb][\/et_pb_image][\/et_pb_column][\/et_pb_row][et_pb_row _builder_version=\u00bb4.23.1&#8243; _module_preset=\u00bbdefault\u00bb global_colors_info=\u00bb{}\u00bb][et_pb_column type=\u00bb4_4&#8243; _builder_version=\u00bb4.23.1&#8243; _module_preset=\u00bbdefault\u00bb global_colors_info=\u00bb{}\u00bb][et_pb_text _builder_version=\u00bb4.23.1&#8243; _module_preset=\u00bbdefault\u00bb text_font=\u00bbMontserrat|500|||||||\u00bb link_text_color=\u00bb#EDF000&#8243; background_layout=\u00bbdark\u00bb global_colors_info=\u00bb{}\u00bb]<\/p>\n<p>Este proyecto se realiza en colaboraci\u00f3n con la Coordinaci\u00f3n de Servicio Social de la Facultad de Medicina de SECISS, UNAM y bajo el patrocinio de la Fundaci\u00f3n Gonzalo R\u00edo Arronte, Instituci\u00f3n de Asistencia\u00a0Privada<\/p>\n<p>[\/et_pb_text][\/et_pb_column][\/et_pb_row][\/et_pb_section]<\/p>\n","protected":false},"excerpt":{"rendered":"<p>Registro para Escuelas Incorporadas a la UNAMEx\u00e1menes de autoevaluaci\u00f3n\u00bfTe interesa ingresar a una especialidad m\u00e9dica?Fortalece tus conocimientos en Medicina General con los cuatro ex\u00e1menes de autoevaluaci\u00f3n\u00a0\u201cLogra tu Meta\u201d\u00a0y prep\u00e1rate para el ENARM.Los ex\u00e1menes de autoevaluaci\u00f3n \u201cLogra tu Meta\u201d Son ejercicios tipo \u201csimulador\u201d que eval\u00faan distintas \u00e1reas m\u00e9dicas; puedes utilizarlos para examinar tus conocimientos de medicina [&hellip;]<\/p>\n","protected":false},"author":2,"featured_media":0,"parent":0,"menu_order":0,"comment_status":"closed","ping_status":"closed","template":"","meta":{"_et_pb_use_builder":"on","_et_pb_old_content":"","_et_gb_content_width":"","footnotes":""},"class_list":["post-904","page","type-page","status-publish","hentry"],"jetpack_sharing_enabled":true,"_links":{"self":[{"href":"https:\/\/suayed.facmed.unam.mx\/index.php\/wp-json\/wp\/v2\/pages\/904","targetHints":{"allow":["GET"]}}],"collection":[{"href":"https:\/\/suayed.facmed.unam.mx\/index.php\/wp-json\/wp\/v2\/pages"}],"about":[{"href":"https:\/\/suayed.facmed.unam.mx\/index.php\/wp-json\/wp\/v2\/types\/page"}],"author":[{"embeddable":true,"href":"https:\/\/suayed.facmed.unam.mx\/index.php\/wp-json\/wp\/v2\/users\/2"}],"replies":[{"embeddable":true,"href":"https:\/\/suayed.facmed.unam.mx\/index.php\/wp-json\/wp\/v2\/comments?post=904"}],"version-history":[{"count":51,"href":"https:\/\/suayed.facmed.unam.mx\/index.php\/wp-json\/wp\/v2\/pages\/904\/revisions"}],"predecessor-version":[{"id":1687,"href":"https:\/\/suayed.facmed.unam.mx\/index.php\/wp-json\/wp\/v2\/pages\/904\/revisions\/1687"}],"wp:attachment":[{"href":"https:\/\/suayed.facmed.unam.mx\/index.php\/wp-json\/wp\/v2\/media?parent=904"}],"curies":[{"name":"wp","href":"https:\/\/api.w.org\/{rel}","templated":true}]}}